{"id":6358,"date":"2022-11-23T12:53:31","date_gmt":"2022-11-23T12:53:31","guid":{"rendered":"https:\/\/iberlepenci.hajt24.xyz\/?page_id=6358"},"modified":"2023-04-05T07:38:36","modified_gmt":"2023-04-05T07:38:36","slug":"","status":"publish","type":"page","link":"https:\/\/www.iber-lepenc.org\/sr\/per-ne\/strategjia\/","title":{"rendered":"asd","raw":"asd"},"content":{"rendered":"\t\t<div data-elementor-type=\"wp-page\" data-elementor-id=\"6358\" class=\"elementor elementor-6358\">\n\t\t\t\t\t\t<section class=\"elementor-section elementor-top-section elementor-element elementor-element-1850581 elementor-section-boxed elementor-section-height-default elementor-section-height-default\" data-id=\"1850581\" data-element_type=\"section\">\n\t\t\t\t\t\t<div class=\"elementor-container elementor-column-gap-default\">\n\t\t\t\t\t<div class=\"elementor-column elementor-col-100 elementor-top-column elementor-element elementor-element-491cf19\" data-id=\"491cf19\" data-element_type=\"column\">\n\t\t\t<div class=\"elementor-widget-wrap elementor-element-populated\">\n\t\t\t\t\t\t<div class=\"elementor-element elementor-element-7478cb5 elementor-widget elementor-widget-html\" data-id=\"7478cb5\" data-element_type=\"widget\" data-widget_type=\"html.default\">\n\t\t\t\t<div class=\"elementor-widget-container\">\n\t\t\t\t\t<h2 key=\"strategjia_title\">Synimi dhe <br>Strategjia<\/h2>\t\t\t\t<\/div>\n\t\t\t\t<\/div>\n\t\t\t\t<div class=\"elementor-element elementor-element-7c97ffc elementor-widget elementor-widget-html\" data-id=\"7c97ffc\" data-element_type=\"widget\" data-widget_type=\"html.default\">\n\t\t\t\t<div class=\"elementor-widget-container\">\n\t\t\t\t\t<p key=\"strategjia_dcp1\"><strong>Synimi dhe Strategjia jone eshte:<\/strong><\/p>\n<div class=\"pd-3-left\" key=\"strategjia_dcp2\">\n<ul>\n    <li>Mbajtja, shfryt\u00ebzimi maksimal dhe rritja e aseteve \u00ebsht\u00eb q\u00ebllimi kryesor i nd\u00ebrmarrjes<\/li>\n    <li>Maksimalizimi i t\u00eb hyrave me nj\u00eb shfryt\u00ebzim sa m\u00eb efikas t\u00eb k\u00ebtyre aseteve mbetet prioritet i nd\u00ebrmarrjes<\/li>\n    <li>N\u00eb planin strategjik,  zgjerimi i nd\u00ebrmarrjes n\u00eb aspektin e aseteve si dhe diversifikimin e veprimtaris\u00eb mbeten si q\u00ebllim.<\/li>\n    <li>Ngritja e kapaciteteve t\u00eb reja.<\/li>\n    \n<\/ul>\n<\/div>\n<p key=\"strategjia_dcp3\"><strong>SYNIMI  DHE  STRATEGJIA - \u201cLepenci\u201d<\/strong><\/p>\n<p key=\"strategjia_dcp4\">Projekti \u201cLepenc\u201d \u00ebsht\u00eb faza e dyt\u00eb e projektit shum\u00ebq\u00ebllimor \u201cIber-Lepenc\u201d i cili nuk \u00ebsht\u00eb realizuar deri me tani.\n<\/p>\n<p key=\"strategjia_dcp5\"><strong>Me realizimin e k\u00ebtij projekti do t\u00eb mund\u00ebsohet:<\/strong><\/p>\n<div key=\"strategjia_dcp6\" class=\"pd-3-left\">\n<ul>\n    <li>Furnizim me uj\u00eb t\u00eb pijes p\u00ebr popullat\u00ebn: Ferizaj, Lipjan, Shtimje,etj..<\/li>\n    <li>Mund\u00ebson ujitjen e tokave bujq\u00ebsore.<\/li>\n    <li>Prodhimin e 7 MW energji elektrike apo 52 GWh\/vit.<\/li>\n    <li>Krahas furnizimit me uj\u00eb t\u00eb industris\u00eb, vendbanimeve dhe bujq\u00ebsis\u00eb me k\u00ebt\u00eb projekt gjithashtu zgjidhet edhe \u00e7\u00ebshtja e mbrojtjes nga v\u00ebrshimet dhe kullimi i tokave bujq\u00ebsore.<\/li>\n<\/ul>\n<\/div>\t\t\t\t<\/div>\n\t\t\t\t<\/div>\n\t\t\t\t<div class=\"elementor-element elementor-element-d98f9ce elementor-share-buttons--view-icon elementor-share-buttons--skin-minimal elementor-share-buttons--shape-circle elementor-share-buttons--align-left elementor-grid-0 elementor-share-buttons--color-official elementor-widget elementor-widget-share-buttons\" data-id=\"d98f9ce\" data-element_type=\"widget\" data-widget_type=\"share-buttons.default\">\n\t\t\t\t<div class=\"elementor-widget-container\">\n\t\t\t\t\t\t\t<div class=\"elementor-grid\">\n\t\t\t\t\t\t\t\t<div class=\"elementor-grid-item\">\n\t\t\t\t\t\t<div\n\t\t\t\t\t\t\tclass=\"elementor-share-btn elementor-share-btn_facebook\"\n\t\t\t\t\t\t\trole=\"button\"\n\t\t\t\t\t\t\ttabindex=\"0\"\n\t\t\t\t\t\t\taria-label=\"Share on facebook\"\n\t\t\t\t\t\t>\n\t\t\t\t\t\t\t\t\t\t\t\t\t\t\t<span class=\"elementor-share-btn__icon\">\n\t\t\t\t\t\t\t\t<i class=\"fab fa-facebook\" aria-hidden=\"true\"><\/i>\t\t\t\t\t\t\t<\/span>\n\t\t\t\t\t\t\t\t\t\t\t\t\t\t\t\t\t\t\t\t<\/div>\n\t\t\t\t\t<\/div>\n\t\t\t\t\t\t\t\t\t<div class=\"elementor-grid-item\">\n\t\t\t\t\t\t<div\n\t\t\t\t\t\t\tclass=\"elementor-share-btn elementor-share-btn_twitter\"\n\t\t\t\t\t\t\trole=\"button\"\n\t\t\t\t\t\t\ttabindex=\"0\"\n\t\t\t\t\t\t\taria-label=\"Share on twitter\"\n\t\t\t\t\t\t>\n\t\t\t\t\t\t\t\t\t\t\t\t\t\t\t<span class=\"elementor-share-btn__icon\">\n\t\t\t\t\t\t\t\t<i class=\"fab fa-twitter\" aria-hidden=\"true\"><\/i>\t\t\t\t\t\t\t<\/span>\n\t\t\t\t\t\t\t\t\t\t\t\t\t\t\t\t\t\t\t\t<\/div>\n\t\t\t\t\t<\/div>\n\t\t\t\t\t\t\t\t\t<div class=\"elementor-grid-item\">\n\t\t\t\t\t\t<div\n\t\t\t\t\t\t\tclass=\"elementor-share-btn elementor-share-btn_linkedin\"\n\t\t\t\t\t\t\trole=\"button\"\n\t\t\t\t\t\t\ttabindex=\"0\"\n\t\t\t\t\t\t\taria-label=\"Share on linkedin\"\n\t\t\t\t\t\t>\n\t\t\t\t\t\t\t\t\t\t\t\t\t\t\t<span class=\"elementor-share-btn__icon\">\n\t\t\t\t\t\t\t\t<i class=\"fab fa-linkedin\" aria-hidden=\"true\"><\/i>\t\t\t\t\t\t\t<\/span>\n\t\t\t\t\t\t\t\t\t\t\t\t\t\t\t\t\t\t\t\t<\/div>\n\t\t\t\t\t<\/div>\n\t\t\t\t\t\t\t\t\t<div class=\"elementor-grid-item\">\n\t\t\t\t\t\t<div\n\t\t\t\t\t\t\tclass=\"elementor-share-btn elementor-share-btn_whatsapp\"\n\t\t\t\t\t\t\trole=\"button\"\n\t\t\t\t\t\t\ttabindex=\"0\"\n\t\t\t\t\t\t\taria-label=\"Share on whatsapp\"\n\t\t\t\t\t\t>\n\t\t\t\t\t\t\t\t\t\t\t\t\t\t\t<span class=\"elementor-share-btn__icon\">\n\t\t\t\t\t\t\t\t<i class=\"fab fa-whatsapp\" aria-hidden=\"true\"><\/i>\t\t\t\t\t\t\t<\/span>\n\t\t\t\t\t\t\t\t\t\t\t\t\t\t\t\t\t\t\t\t<\/div>\n\t\t\t\t\t<\/div>\n\t\t\t\t\t\t\t\t\t<div class=\"elementor-grid-item\">\n\t\t\t\t\t\t<div\n\t\t\t\t\t\t\tclass=\"elementor-share-btn elementor-share-btn_email\"\n\t\t\t\t\t\t\trole=\"button\"\n\t\t\t\t\t\t\ttabindex=\"0\"\n\t\t\t\t\t\t\taria-label=\"Share on email\"\n\t\t\t\t\t\t>\n\t\t\t\t\t\t\t\t\t\t\t\t\t\t\t<span class=\"elementor-share-btn__icon\">\n\t\t\t\t\t\t\t\t<i class=\"fas fa-envelope\" aria-hidden=\"true\"><\/i>\t\t\t\t\t\t\t<\/span>\n\t\t\t\t\t\t\t\t\t\t\t\t\t\t\t\t\t\t\t\t<\/div>\n\t\t\t\t\t<\/div>\n\t\t\t\t\t\t<\/div>\n\t\t\t\t\t\t<\/div>\n\t\t\t\t<\/div>\n\t\t\t\t\t<\/div>\n\t\t<\/div>\n\t\t\t\t\t<\/div>\n\t\t<\/section>\n\t\t\t\t<\/div>\n\t\t","protected":false,"raw":""},"excerpt":{"rendered":"","protected":false,"raw":""},"author":1,"featured_media":0,"parent":6413,"menu_order":0,"comment_status":"closed","ping_status":"closed","template":"","meta":{"_sq_post_content":"<h2 key=\"strategjia_title\">Synimi dhe\nStrategjia<\/h2>\n<p key=\"strategjia_dcp1\"><strong>Synimi dhe Strategjia jone eshte:<\/strong><\/p>\n\n<ul>\n \t<li>Mbajtja, shfryt\u00ebzimi maksimal dhe rritja e aseteve \u00ebsht\u00eb q\u00ebllimi kryesor i nd\u00ebrmarrjes<\/li>\n \t<li>Maksimalizimi i t\u00eb hyrave me nj\u00eb shfryt\u00ebzim sa m\u00eb efikas t\u00eb k\u00ebtyre aseteve mbetet prioritet i nd\u00ebrmarrjes<\/li>\n \t<li>N\u00eb planin strategjik,  zgjerimi i nd\u00ebrmarrjes n\u00eb aspektin e aseteve si dhe diversifikimin e veprimtaris\u00eb mbeten si q\u00ebllim.<\/li>\n \t<li>Ngritja e kapaciteteve t\u00eb reja.<\/li>\n<\/ul>\n<p key=\"strategjia_dcp3\"><strong>SYNIMI  DHE  STRATEGJIA - \u201cLepenci\u201d<\/strong><\/p>\n<p key=\"strategjia_dcp4\">Projekti \u201cLepenc\u201d \u00ebsht\u00eb faza e dyt\u00eb e projektit shum\u00ebq\u00ebllimor \u201cIber-Lepenc\u201d i cili nuk \u00ebsht\u00eb realizuar deri me tani.<\/p>\n<p key=\"strategjia_dcp5\"><strong>Me realizimin e k\u00ebtij projekti do t\u00eb mund\u00ebsohet:<\/strong><\/p>\n\n<ul>\n \t<li>Furnizim me uj\u00eb t\u00eb pijes p\u00ebr popullat\u00ebn: Ferizaj, Lipjan, Shtimje,etj..<\/li>\n \t<li>Mund\u00ebson ujitjen e tokave bujq\u00ebsore.<\/li>\n \t<li>Prodhimin e 7 MW energji elektrike apo 52 GWh\/vit.<\/li>\n \t<li>Krahas furnizimit me uj\u00eb t\u00eb industris\u00eb, vendbanimeve dhe bujq\u00ebsis\u00eb me k\u00ebt\u00eb projekt gjithashtu zgjidhet edhe \u00e7\u00ebshtja e mbrojtjes nga v\u00ebrshimet dhe kullimi i tokave bujq\u00ebsore.<\/li>\n<\/ul>\n \t<link rel=\"stylesheet\" href=\"https:\/\/iberlepenci.hajt24.xyz\/wp-content\/plugins\/elementor-pro\/assets\/css\/widget-share-buttons.min.css\">","_sq_post_name":"strategjia","_sq_post_excerpt":"","_sq_post_title":"<span key=\"strategjia\">STRATEGJIA<\/span>","_en_post_content":"","_en_post_name":"","_en_post_excerpt":"","_en_post_title":"","_sr_post_content":"","_sr_post_name":"","_sr_post_excerpt":"","_sr_post_title":"asd","edit_language":"sr","footnotes":""},"class_list":["post-6358","page","type-page","status-publish","hentry"],"publishpress_future_action":{"enabled":false,"date":"2026-05-06 06:38:25","action":"change-status","newStatus":"draft","terms":[],"taxonomy":"","extraData":[]},"publishpress_future_workflow_manual_trigger":{"enabledWorkflows":[]},"_links":{"self":[{"href":"https:\/\/www.iber-lepenc.org\/sr\/wp-json\/wp\/v2\/pages\/6358","targetHints":{"allow":["GET"]}}],"collection":[{"href":"https:\/\/www.iber-lepenc.org\/sr\/wp-json\/wp\/v2\/pages"}],"about":[{"href":"https:\/\/www.iber-lepenc.org\/sr\/wp-json\/wp\/v2\/types\/page"}],"author":[{"embeddable":true,"href":"https:\/\/www.iber-lepenc.org\/sr\/wp-json\/wp\/v2\/users\/1"}],"replies":[{"embeddable":true,"href":"https:\/\/www.iber-lepenc.org\/sr\/wp-json\/wp\/v2\/comments?post=6358"}],"version-history":[{"count":2,"href":"https:\/\/www.iber-lepenc.org\/sr\/wp-json\/wp\/v2\/pages\/6358\/revisions"}],"predecessor-version":[{"id":8831,"href":"https:\/\/www.iber-lepenc.org\/sr\/wp-json\/wp\/v2\/pages\/6358\/revisions\/8831"}],"up":[{"embeddable":true,"href":"https:\/\/www.iber-lepenc.org\/sr\/wp-json\/wp\/v2\/pages\/6413"}],"wp:attachment":[{"href":"https:\/\/www.iber-lepenc.org\/sr\/wp-json\/wp\/v2\/media?parent=6358"}],"curies":[{"name":"wp","href":"https:\/\/api.w.org\/{rel}","templated":true}]}}