{"id":8083,"date":"2022-12-21T12:53:15","date_gmt":"2022-12-21T12:53:15","guid":{"rendered":"https:\/\/iberlepenci.hajt24.xyz\/?page_id=8083"},"modified":"2025-12-02T08:41:03","modified_gmt":"2025-12-02T08:41:03","slug":"prokurimi","status":"publish","type":"page","link":"https:\/\/www.iber-lepenc.org\/sq\/per-ne\/prokurimi\/","title":{"rendered":"<span key=\"prokurimi\">PROKURIMI<\/span>"},"content":{"rendered":"\t\t<div data-elementor-type=\"wp-page\" data-elementor-id=\"8083\" class=\"elementor elementor-8083\">\n\t\t\t\t\t\t<section class=\"elementor-section elementor-top-section elementor-element elementor-element-8eeb794 elementor-section-boxed elementor-section-height-default elementor-section-height-default\" data-id=\"8eeb794\" data-element_type=\"section\">\n\t\t\t\t\t\t<div class=\"elementor-container elementor-column-gap-default\">\n\t\t\t\t\t<div class=\"elementor-column elementor-col-100 elementor-top-column elementor-element elementor-element-a022314\" data-id=\"a022314\" data-element_type=\"column\">\n\t\t\t<div class=\"elementor-widget-wrap elementor-element-populated\">\n\t\t\t\t\t\t<div class=\"elementor-element elementor-element-27ad8a1 elementor-widget elementor-widget-html\" data-id=\"27ad8a1\" data-element_type=\"widget\" data-widget_type=\"html.default\">\n\t\t\t\t<div class=\"elementor-widget-container\">\n\t\t\t\t\t<h2 key=\"prokurimi_title\">Prokurimi<\/h2>\n\t\t\t\t<\/div>\n\t\t\t\t<\/div>\n\t\t\t\t<div class=\"elementor-element elementor-element-1db5d81 elementor-widget elementor-widget-html\" data-id=\"1db5d81\" data-element_type=\"widget\" data-widget_type=\"html.default\">\n\t\t\t\t<div class=\"elementor-widget-container\">\n\t\t\t\t\t<p style=\"margin-bottom:0\" key=\"prokurimi_dcp1\"><strong>Planifikimet e Prokurimit<\/strong><\/p>\t\t\t\t<\/div>\n\t\t\t\t<\/div>\n\t\t\t\t<div class=\"elementor-element elementor-element-9779ee2 elementor-widget elementor-widget-html\" data-id=\"9779ee2\" data-element_type=\"widget\" data-widget_type=\"html.default\">\n\t\t\t\t<div class=\"elementor-widget-container\">\n\t\t\t\t\t<p key=\"prokurimi_dcp2\">Duke filluar nga data 01.01.2017 si dhe n\u00eb p\u00ebrputhje me vendimin e Qeveris\u00eb s\u00eb Republik\u00ebs s\u00eb Kosov\u00ebs me nr. 12\/79 t\u00eb dat\u00ebs 15.03.2016, n\u00eb funksion t\u00eb funksionalizimit t\u00eb platform\u00ebs s\u00eb prokurimit elektronik dhe vendimit t\u00eb Komisionit Rregullativ p\u00ebr Prokurim Publik nr.47\/2016, t\u00eb dat\u00ebs 30.11.2016, t\u00eb gjitha procedurat e prokurimit n\u00eb nd\u00ebrmarrjen N.H. Ib\u00ebr-Lepenci SH.A. zhvillohen vet\u00ebm me zbatimin e E-Prokurimit.\n<br><Br>\nP\u00ebr me shum\u00eb informacione rreth tender\u00ebve t\u00eb shpallur nga N.H. Ib\u00ebr-Lepenci SH.A., ndiqni vegz\u00ebn e E-Prokurimit: <a href=\"https:\/\/e-prokurimi.rks-gov.net\/Home\/ClanakItemNew.aspx?id=327\">K\u00ebtu<\/a><\/p>\t\t\t\t<\/div>\n\t\t\t\t<\/div>\n\t\t\t\t\t<\/div>\n\t\t<\/div>\n\t\t\t\t\t<\/div>\n\t\t<\/section>\n\t\t\t\t<section class=\"elementor-section elementor-top-section elementor-element elementor-element-7a42f35 elementor-section-boxed elementor-section-height-default elementor-section-height-default\" data-id=\"7a42f35\" data-element_type=\"section\">\n\t\t\t\t\t\t<div class=\"elementor-container elementor-column-gap-default\">\n\t\t\t\t\t<div class=\"elementor-column elementor-col-100 elementor-top-column elementor-element elementor-element-69676ad\" data-id=\"69676ad\" data-element_type=\"column\">\n\t\t\t<div class=\"elementor-widget-wrap elementor-element-populated\">\n\t\t\t\t\t\t<div class=\"elementor-element elementor-element-1ef3097 elementor-widget elementor-widget-accordion\" data-id=\"1ef3097\" data-element_type=\"widget\" data-widget_type=\"accordion.default\">\n\t\t\t\t<div class=\"elementor-widget-container\">\n\t\t\t\t\t\t\t<div class=\"elementor-accordion\">\n\t\t\t\t\t\t\t<div class=\"elementor-accordion-item\">\n\t\t\t\t\t<div id=\"elementor-tab-title-3241\" class=\"elementor-tab-title\" data-tab=\"1\" role=\"button\" aria-controls=\"elementor-tab-content-3241\" aria-expanded=\"false\">\n\t\t\t\t\t\t\t\t\t\t\t\t\t<span class=\"elementor-accordion-icon elementor-accordion-icon-left\" aria-hidden=\"true\">\n\t\t\t\t\t\t\t\t\t\t\t\t\t\t\t<span class=\"elementor-accordion-icon-closed\"><i class=\"fas fa-plus\"><\/i><\/span>\n\t\t\t\t\t\t\t\t<span class=\"elementor-accordion-icon-opened\"><i class=\"fas fa-minus\"><\/i><\/span>\n\t\t\t\t\t\t\t\t\t\t\t\t\t\t<\/span>\n\t\t\t\t\t\t\t\t\t\t\t\t<a class=\"elementor-accordion-title\" tabindex=\"0\">2026<\/a>\n\t\t\t\t\t<\/div>\n\t\t\t\t\t<div id=\"elementor-tab-content-3241\" class=\"elementor-tab-content elementor-clearfix\" data-tab=\"1\" role=\"region\" aria-labelledby=\"elementor-tab-title-3241\"><p>Plani i prokurimit p\u00ebr vitin 2026<\/p><p><a href=\"https:\/\/www.iber-lepenc.org\/wp-content\/uploads\/2025\/12\/Planifikimi-Perfundimtar-i-Prokurimit-2026-IBER-LEPENC.pdf\">Shkarko<\/a><\/p><\/div>\n\t\t\t\t<\/div>\n\t\t\t\t\t\t\t<div class=\"elementor-accordion-item\">\n\t\t\t\t\t<div id=\"elementor-tab-title-3242\" class=\"elementor-tab-title\" data-tab=\"2\" role=\"button\" aria-controls=\"elementor-tab-content-3242\" aria-expanded=\"false\">\n\t\t\t\t\t\t\t\t\t\t\t\t\t<span class=\"elementor-accordion-icon elementor-accordion-icon-left\" aria-hidden=\"true\">\n\t\t\t\t\t\t\t\t\t\t\t\t\t\t\t<span class=\"elementor-accordion-icon-closed\"><i class=\"fas fa-plus\"><\/i><\/span>\n\t\t\t\t\t\t\t\t<span class=\"elementor-accordion-icon-opened\"><i class=\"fas fa-minus\"><\/i><\/span>\n\t\t\t\t\t\t\t\t\t\t\t\t\t\t<\/span>\n\t\t\t\t\t\t\t\t\t\t\t\t<a class=\"elementor-accordion-title\" tabindex=\"0\">2025<\/a>\n\t\t\t\t\t<\/div>\n\t\t\t\t\t<div id=\"elementor-tab-content-3242\" class=\"elementor-tab-content elementor-clearfix\" data-tab=\"2\" role=\"region\" aria-labelledby=\"elementor-tab-title-3242\"><p>Plani i prokurimit p\u00ebr vitin 2025<\/p><p><a href=\"https:\/\/www.iber-lepenc.org\/wp-content\/uploads\/2024\/12\/PLANIFIKIMI-PERFUNDIMTAR-I-PROKURIMIT-2025.pdf\">Shkarko<\/a><\/p><\/div>\n\t\t\t\t<\/div>\n\t\t\t\t\t\t\t<div class=\"elementor-accordion-item\">\n\t\t\t\t\t<div id=\"elementor-tab-title-3243\" class=\"elementor-tab-title\" data-tab=\"3\" role=\"button\" aria-controls=\"elementor-tab-content-3243\" aria-expanded=\"false\">\n\t\t\t\t\t\t\t\t\t\t\t\t\t<span class=\"elementor-accordion-icon elementor-accordion-icon-left\" aria-hidden=\"true\">\n\t\t\t\t\t\t\t\t\t\t\t\t\t\t\t<span class=\"elementor-accordion-icon-closed\"><i class=\"fas fa-plus\"><\/i><\/span>\n\t\t\t\t\t\t\t\t<span class=\"elementor-accordion-icon-opened\"><i class=\"fas fa-minus\"><\/i><\/span>\n\t\t\t\t\t\t\t\t\t\t\t\t\t\t<\/span>\n\t\t\t\t\t\t\t\t\t\t\t\t<a class=\"elementor-accordion-title\" tabindex=\"0\">2024<\/a>\n\t\t\t\t\t<\/div>\n\t\t\t\t\t<div id=\"elementor-tab-content-3243\" class=\"elementor-tab-content elementor-clearfix\" data-tab=\"3\" role=\"region\" aria-labelledby=\"elementor-tab-title-3243\"><p>Plani i prokurimit per vitin 2024<\/p><p><a href=\"https:\/\/www.iber-lepenc.org\/wp-content\/uploads\/2024\/08\/Plani-i-Prokurimit-per-2024.pdf\">Shkarko<\/a><\/p><\/div>\n\t\t\t\t<\/div>\n\t\t\t\t\t\t\t<div class=\"elementor-accordion-item\">\n\t\t\t\t\t<div id=\"elementor-tab-title-3244\" class=\"elementor-tab-title\" data-tab=\"4\" role=\"button\" aria-controls=\"elementor-tab-content-3244\" aria-expanded=\"false\">\n\t\t\t\t\t\t\t\t\t\t\t\t\t<span class=\"elementor-accordion-icon elementor-accordion-icon-left\" aria-hidden=\"true\">\n\t\t\t\t\t\t\t\t\t\t\t\t\t\t\t<span class=\"elementor-accordion-icon-closed\"><i class=\"fas fa-plus\"><\/i><\/span>\n\t\t\t\t\t\t\t\t<span class=\"elementor-accordion-icon-opened\"><i class=\"fas fa-minus\"><\/i><\/span>\n\t\t\t\t\t\t\t\t\t\t\t\t\t\t<\/span>\n\t\t\t\t\t\t\t\t\t\t\t\t<a class=\"elementor-accordion-title\" tabindex=\"0\">2023<\/a>\n\t\t\t\t\t<\/div>\n\t\t\t\t\t<div id=\"elementor-tab-content-3244\" class=\"elementor-tab-content elementor-clearfix\" data-tab=\"4\" role=\"region\" aria-labelledby=\"elementor-tab-title-3244\"><p>Plani i prokurimit per vitin 2023<\/p><p><a href=\"https:\/\/www.iber-lepenc.org\/wp-content\/uploads\/2023\/01\/IL-Plani-i-Prokurimit-2023.pdf\">Shkarko<\/a><\/p><\/div>\n\t\t\t\t<\/div>\n\t\t\t\t\t\t\t<div class=\"elementor-accordion-item\">\n\t\t\t\t\t<div id=\"elementor-tab-title-3245\" class=\"elementor-tab-title\" data-tab=\"5\" role=\"button\" aria-controls=\"elementor-tab-content-3245\" aria-expanded=\"false\">\n\t\t\t\t\t\t\t\t\t\t\t\t\t<span class=\"elementor-accordion-icon elementor-accordion-icon-left\" aria-hidden=\"true\">\n\t\t\t\t\t\t\t\t\t\t\t\t\t\t\t<span class=\"elementor-accordion-icon-closed\"><i class=\"fas fa-plus\"><\/i><\/span>\n\t\t\t\t\t\t\t\t<span class=\"elementor-accordion-icon-opened\"><i class=\"fas fa-minus\"><\/i><\/span>\n\t\t\t\t\t\t\t\t\t\t\t\t\t\t<\/span>\n\t\t\t\t\t\t\t\t\t\t\t\t<a class=\"elementor-accordion-title\" tabindex=\"0\">2022<\/a>\n\t\t\t\t\t<\/div>\n\t\t\t\t\t<div id=\"elementor-tab-content-3245\" class=\"elementor-tab-content elementor-clearfix\" data-tab=\"5\" role=\"region\" aria-labelledby=\"elementor-tab-title-3245\"><p>Plani i prokurimit per vitin 2022<\/p><p><a href=\"\/docs\/Plani i Prokurimit_2022_FINAL.pdf\">Shkarko<\/a><\/p><\/div>\n\t\t\t\t<\/div>\n\t\t\t\t\t\t\t<div class=\"elementor-accordion-item\">\n\t\t\t\t\t<div id=\"elementor-tab-title-3246\" class=\"elementor-tab-title\" data-tab=\"6\" role=\"button\" aria-controls=\"elementor-tab-content-3246\" aria-expanded=\"false\">\n\t\t\t\t\t\t\t\t\t\t\t\t\t<span class=\"elementor-accordion-icon elementor-accordion-icon-left\" aria-hidden=\"true\">\n\t\t\t\t\t\t\t\t\t\t\t\t\t\t\t<span class=\"elementor-accordion-icon-closed\"><i class=\"fas fa-plus\"><\/i><\/span>\n\t\t\t\t\t\t\t\t<span class=\"elementor-accordion-icon-opened\"><i class=\"fas fa-minus\"><\/i><\/span>\n\t\t\t\t\t\t\t\t\t\t\t\t\t\t<\/span>\n\t\t\t\t\t\t\t\t\t\t\t\t<a class=\"elementor-accordion-title\" tabindex=\"0\">2021<\/a>\n\t\t\t\t\t<\/div>\n\t\t\t\t\t<div id=\"elementor-tab-content-3246\" class=\"elementor-tab-content elementor-clearfix\" data-tab=\"6\" role=\"region\" aria-labelledby=\"elementor-tab-title-3246\"><p>Plani i prokurimit per vitin 2021<\/p><p><a href=\"\/docs\/Plani i Prokurimit_2021_FINAL.pdf\">Shkarko<\/a><\/p><\/div>\n\t\t\t\t<\/div>\n\t\t\t\t\t\t\t<div class=\"elementor-accordion-item\">\n\t\t\t\t\t<div id=\"elementor-tab-title-3247\" class=\"elementor-tab-title\" data-tab=\"7\" role=\"button\" aria-controls=\"elementor-tab-content-3247\" aria-expanded=\"false\">\n\t\t\t\t\t\t\t\t\t\t\t\t\t<span class=\"elementor-accordion-icon elementor-accordion-icon-left\" aria-hidden=\"true\">\n\t\t\t\t\t\t\t\t\t\t\t\t\t\t\t<span class=\"elementor-accordion-icon-closed\"><i class=\"fas fa-plus\"><\/i><\/span>\n\t\t\t\t\t\t\t\t<span class=\"elementor-accordion-icon-opened\"><i class=\"fas fa-minus\"><\/i><\/span>\n\t\t\t\t\t\t\t\t\t\t\t\t\t\t<\/span>\n\t\t\t\t\t\t\t\t\t\t\t\t<a class=\"elementor-accordion-title\" tabindex=\"0\">2020<\/a>\n\t\t\t\t\t<\/div>\n\t\t\t\t\t<div id=\"elementor-tab-content-3247\" class=\"elementor-tab-content elementor-clearfix\" data-tab=\"7\" role=\"region\" aria-labelledby=\"elementor-tab-title-3247\"><p>&#8220;Plani i prokurimit per vitin 2020<\/p><p><a href=\"\/docs\/Plani i prokurimit_2020.pdf\">Shkarko<\/a><\/p><\/div>\n\t\t\t\t<\/div>\n\t\t\t\t\t\t\t<div class=\"elementor-accordion-item\">\n\t\t\t\t\t<div id=\"elementor-tab-title-3248\" class=\"elementor-tab-title\" data-tab=\"8\" role=\"button\" aria-controls=\"elementor-tab-content-3248\" aria-expanded=\"false\">\n\t\t\t\t\t\t\t\t\t\t\t\t\t<span class=\"elementor-accordion-icon elementor-accordion-icon-left\" aria-hidden=\"true\">\n\t\t\t\t\t\t\t\t\t\t\t\t\t\t\t<span class=\"elementor-accordion-icon-closed\"><i class=\"fas fa-plus\"><\/i><\/span>\n\t\t\t\t\t\t\t\t<span class=\"elementor-accordion-icon-opened\"><i class=\"fas fa-minus\"><\/i><\/span>\n\t\t\t\t\t\t\t\t\t\t\t\t\t\t<\/span>\n\t\t\t\t\t\t\t\t\t\t\t\t<a class=\"elementor-accordion-title\" tabindex=\"0\">2019<\/a>\n\t\t\t\t\t<\/div>\n\t\t\t\t\t<div id=\"elementor-tab-content-3248\" class=\"elementor-tab-content elementor-clearfix\" data-tab=\"8\" role=\"region\" aria-labelledby=\"elementor-tab-title-3248\"><p>Plani i prokurimit per vitin 2019<\/p><p><a href=\"\/docs\/Plani i Prokurimit_2019_FINAL.pdf\">Shkarko<\/a><\/p><\/div>\n\t\t\t\t<\/div>\n\t\t\t\t\t\t\t<div class=\"elementor-accordion-item\">\n\t\t\t\t\t<div id=\"elementor-tab-title-3249\" class=\"elementor-tab-title\" data-tab=\"9\" role=\"button\" aria-controls=\"elementor-tab-content-3249\" aria-expanded=\"false\">\n\t\t\t\t\t\t\t\t\t\t\t\t\t<span class=\"elementor-accordion-icon elementor-accordion-icon-left\" aria-hidden=\"true\">\n\t\t\t\t\t\t\t\t\t\t\t\t\t\t\t<span class=\"elementor-accordion-icon-closed\"><i class=\"fas fa-plus\"><\/i><\/span>\n\t\t\t\t\t\t\t\t<span class=\"elementor-accordion-icon-opened\"><i class=\"fas fa-minus\"><\/i><\/span>\n\t\t\t\t\t\t\t\t\t\t\t\t\t\t<\/span>\n\t\t\t\t\t\t\t\t\t\t\t\t<a class=\"elementor-accordion-title\" tabindex=\"0\">2018<\/a>\n\t\t\t\t\t<\/div>\n\t\t\t\t\t<div id=\"elementor-tab-content-3249\" class=\"elementor-tab-content elementor-clearfix\" data-tab=\"9\" role=\"region\" aria-labelledby=\"elementor-tab-title-3249\"><p>Plani i prokurimit per vitin 2028<\/p><p><a href=\"\/docs\/Plani i Prokurimit_2018_FINAL.pdf\">Shkarko<\/a><\/p><\/div>\n\t\t\t\t<\/div>\n\t\t\t\t\t\t\t<div class=\"elementor-accordion-item\">\n\t\t\t\t\t<div id=\"elementor-tab-title-32410\" class=\"elementor-tab-title\" data-tab=\"10\" role=\"button\" aria-controls=\"elementor-tab-content-32410\" aria-expanded=\"false\">\n\t\t\t\t\t\t\t\t\t\t\t\t\t<span class=\"elementor-accordion-icon elementor-accordion-icon-left\" aria-hidden=\"true\">\n\t\t\t\t\t\t\t\t\t\t\t\t\t\t\t<span class=\"elementor-accordion-icon-closed\"><i class=\"fas fa-plus\"><\/i><\/span>\n\t\t\t\t\t\t\t\t<span class=\"elementor-accordion-icon-opened\"><i class=\"fas fa-minus\"><\/i><\/span>\n\t\t\t\t\t\t\t\t\t\t\t\t\t\t<\/span>\n\t\t\t\t\t\t\t\t\t\t\t\t<a class=\"elementor-accordion-title\" tabindex=\"0\">2017<\/a>\n\t\t\t\t\t<\/div>\n\t\t\t\t\t<div id=\"elementor-tab-content-32410\" class=\"elementor-tab-content elementor-clearfix\" data-tab=\"10\" role=\"region\" aria-labelledby=\"elementor-tab-title-32410\"><p>Plani i prokurimit per vitin 2017<\/p><p><a href=\"\/docs\/Plani i Prokurimit_2017_FINAL.pdf\">Shkarko<\/a><\/p><\/div>\n\t\t\t\t<\/div>\n\t\t\t\t\t\t\t\t<\/div>\n\t\t\t\t\t\t<\/div>\n\t\t\t\t<\/div>\n\t\t\t\t\t<\/div>\n\t\t<\/div>\n\t\t\t\t\t<\/div>\n\t\t<\/section>\n\t\t\t\t<section class=\"elementor-section elementor-top-section elementor-element elementor-element-6cf6bdc elementor-section-boxed elementor-section-height-default elementor-section-height-default\" data-id=\"6cf6bdc\" data-element_type=\"section\">\n\t\t\t\t\t\t<div class=\"elementor-container elementor-column-gap-default\">\n\t\t\t\t\t<div class=\"elementor-column elementor-col-100 elementor-top-column elementor-element elementor-element-a4310ab\" data-id=\"a4310ab\" data-element_type=\"column\">\n\t\t\t<div class=\"elementor-widget-wrap elementor-element-populated\">\n\t\t\t\t\t\t<div class=\"elementor-element elementor-element-e0be945 elementor-share-buttons--view-icon elementor-share-buttons--skin-minimal elementor-share-buttons--shape-circle elementor-share-buttons--align-left elementor-grid-0 elementor-share-buttons--color-official elementor-widget elementor-widget-share-buttons\" data-id=\"e0be945\" data-element_type=\"widget\" data-widget_type=\"share-buttons.default\">\n\t\t\t\t<div class=\"elementor-widget-container\">\n\t\t\t\t\t\t\t<div class=\"elementor-grid\">\n\t\t\t\t\t\t\t\t<div class=\"elementor-grid-item\">\n\t\t\t\t\t\t<div\n\t\t\t\t\t\t\tclass=\"elementor-share-btn elementor-share-btn_facebook\"\n\t\t\t\t\t\t\trole=\"button\"\n\t\t\t\t\t\t\ttabindex=\"0\"\n\t\t\t\t\t\t\taria-label=\"Share on facebook\"\n\t\t\t\t\t\t>\n\t\t\t\t\t\t\t\t\t\t\t\t\t\t\t<span class=\"elementor-share-btn__icon\">\n\t\t\t\t\t\t\t\t<i class=\"fab fa-facebook\" aria-hidden=\"true\"><\/i>\t\t\t\t\t\t\t<\/span>\n\t\t\t\t\t\t\t\t\t\t\t\t\t\t\t\t\t\t\t\t<\/div>\n\t\t\t\t\t<\/div>\n\t\t\t\t\t\t\t\t\t<div class=\"elementor-grid-item\">\n\t\t\t\t\t\t<div\n\t\t\t\t\t\t\tclass=\"elementor-share-btn elementor-share-btn_twitter\"\n\t\t\t\t\t\t\trole=\"button\"\n\t\t\t\t\t\t\ttabindex=\"0\"\n\t\t\t\t\t\t\taria-label=\"Share on twitter\"\n\t\t\t\t\t\t>\n\t\t\t\t\t\t\t\t\t\t\t\t\t\t\t<span class=\"elementor-share-btn__icon\">\n\t\t\t\t\t\t\t\t<i class=\"fab fa-twitter\" aria-hidden=\"true\"><\/i>\t\t\t\t\t\t\t<\/span>\n\t\t\t\t\t\t\t\t\t\t\t\t\t\t\t\t\t\t\t\t<\/div>\n\t\t\t\t\t<\/div>\n\t\t\t\t\t\t\t\t\t<div class=\"elementor-grid-item\">\n\t\t\t\t\t\t<div\n\t\t\t\t\t\t\tclass=\"elementor-share-btn elementor-share-btn_linkedin\"\n\t\t\t\t\t\t\trole=\"button\"\n\t\t\t\t\t\t\ttabindex=\"0\"\n\t\t\t\t\t\t\taria-label=\"Share on linkedin\"\n\t\t\t\t\t\t>\n\t\t\t\t\t\t\t\t\t\t\t\t\t\t\t<span class=\"elementor-share-btn__icon\">\n\t\t\t\t\t\t\t\t<i class=\"fab fa-linkedin\" aria-hidden=\"true\"><\/i>\t\t\t\t\t\t\t<\/span>\n\t\t\t\t\t\t\t\t\t\t\t\t\t\t\t\t\t\t\t\t<\/div>\n\t\t\t\t\t<\/div>\n\t\t\t\t\t\t\t\t\t<div class=\"elementor-grid-item\">\n\t\t\t\t\t\t<div\n\t\t\t\t\t\t\tclass=\"elementor-share-btn elementor-share-btn_whatsapp\"\n\t\t\t\t\t\t\trole=\"button\"\n\t\t\t\t\t\t\ttabindex=\"0\"\n\t\t\t\t\t\t\taria-label=\"Share on whatsapp\"\n\t\t\t\t\t\t>\n\t\t\t\t\t\t\t\t\t\t\t\t\t\t\t<span class=\"elementor-share-btn__icon\">\n\t\t\t\t\t\t\t\t<i class=\"fab fa-whatsapp\" aria-hidden=\"true\"><\/i>\t\t\t\t\t\t\t<\/span>\n\t\t\t\t\t\t\t\t\t\t\t\t\t\t\t\t\t\t\t\t<\/div>\n\t\t\t\t\t<\/div>\n\t\t\t\t\t\t\t\t\t<div class=\"elementor-grid-item\">\n\t\t\t\t\t\t<div\n\t\t\t\t\t\t\tclass=\"elementor-share-btn elementor-share-btn_email\"\n\t\t\t\t\t\t\trole=\"button\"\n\t\t\t\t\t\t\ttabindex=\"0\"\n\t\t\t\t\t\t\taria-label=\"Share on email\"\n\t\t\t\t\t\t>\n\t\t\t\t\t\t\t\t\t\t\t\t\t\t\t<span class=\"elementor-share-btn__icon\">\n\t\t\t\t\t\t\t\t<i class=\"fas fa-envelope\" aria-hidden=\"true\"><\/i>\t\t\t\t\t\t\t<\/span>\n\t\t\t\t\t\t\t\t\t\t\t\t\t\t\t\t\t\t\t\t<\/div>\n\t\t\t\t\t<\/div>\n\t\t\t\t\t\t<\/div>\n\t\t\t\t\t\t<\/div>\n\t\t\t\t<\/div>\n\t\t\t\t\t<\/div>\n\t\t<\/div>\n\t\t\t\t\t<\/div>\n\t\t<\/section>\n\t\t\t\t<\/div>\n\t\t","protected":false},"excerpt":{"rendered":"<p>Prokurimi Planifikimet e Prokurimit Duke filluar nga data 01.01.2017 si dhe n\u00eb p\u00ebrputhje me vendimin e Qeveris\u00eb s\u00eb Republik\u00ebs s\u00eb Kosov\u00ebs me nr. 12\/79 t\u00eb dat\u00ebs 15.03.2016, n\u00eb funksion t\u00eb funksionalizimit t\u00eb platform\u00ebs s\u00eb prokurimit elektronik dhe vendimit t\u00eb Komisionit Rregullativ p\u00ebr Prokurim Publik nr.47\/2016, t\u00eb dat\u00ebs 30.11.2016, t\u00eb gjitha procedurat e prokurimit n\u00eb nd\u00ebrmarrjen [&hellip;]<\/p>\n","protected":false},"author":1,"featured_media":0,"parent":6413,"menu_order":0,"comment_status":"closed","ping_status":"closed","template":"","meta":{"_sq_post_content":"<h2 key=\"prokurimi_title\">Prokurimi<\/h2>\n\t\t\t\t\t<p style=\"margin-bottom:0\" key=\"prokurimi_dcp1\"><strong>Planifikimet e Prokurimit<\/strong><\/p>\t\t\t\t\n\t\t\t\t\t<p key=\"prokurimi_dcp2\">Duke filluar nga data 01.01.2017 si dhe n\u00eb p\u00ebrputhje me vendimin e Qeveris\u00eb s\u00eb Republik\u00ebs s\u00eb Kosov\u00ebs me nr. 12\/79 t\u00eb dat\u00ebs 15.03.2016, n\u00eb funksion t\u00eb funksionalizimit t\u00eb platform\u00ebs s\u00eb prokurimit elektronik dhe vendimit t\u00eb Komisionit Rregullativ p\u00ebr Prokurim Publik nr.47\/2016, t\u00eb dat\u00ebs 30.11.2016, t\u00eb gjitha procedurat e prokurimit n\u00eb nd\u00ebrmarrjen N.H. Ib\u00ebr-Lepenci SH.A. zhvillohen vet\u00ebm me zbatimin e E-Prokurimit.\n<br><Br>\nP\u00ebr me shum\u00eb informacione rreth tender\u00ebve t\u00eb shpallur nga N.H. Ib\u00ebr-Lepenci SH.A., ndiqni vegz\u00ebn e E-Prokurimit: <a href=\"https:\/\/e-prokurimi.rks-gov.net\/Home\/ClanakItemNew.aspx?id=327\">K\u00ebtu<\/a><\/p>\t\t\t\t\n\t\t\t\t\t\t\t\t\t\t\t\t<a tabindex=\"0\">2026<\/a>\n\t\t\t\t\t<p>Plani i prokurimit p\u00ebr vitin 2026<\/p><p><a href=\"https:\/\/www.iber-lepenc.org\/wp-content\/uploads\/2025\/12\/Planifikimi-Perfundimtar-i-Prokurimit-2026-IBER-LEPENC.pdf\">Shkarko<\/a><\/p>\n\t\t\t\t\t\t\t\t\t\t\t\t<a tabindex=\"0\">2025<\/a>\n\t\t\t\t\t<p>Plani i prokurimit p\u00ebr vitin 2025<\/p><p><a href=\"https:\/\/www.iber-lepenc.org\/wp-content\/uploads\/2024\/12\/PLANIFIKIMI-PERFUNDIMTAR-I-PROKURIMIT-2025.pdf\">Shkarko<\/a><\/p>\n\t\t\t\t\t\t\t\t\t\t\t\t<a tabindex=\"0\">2024<\/a>\n\t\t\t\t\t<p>Plani i prokurimit per vitin 2024<\/p><p><a href=\"https:\/\/www.iber-lepenc.org\/wp-content\/uploads\/2024\/08\/Plani-i-Prokurimit-per-2024.pdf\">Shkarko<\/a><\/p>\n\t\t\t\t\t\t\t\t\t\t\t\t<a tabindex=\"0\">2023<\/a>\n\t\t\t\t\t<p>Plani i prokurimit per vitin 2023<\/p><p><a href=\"https:\/\/www.iber-lepenc.org\/wp-content\/uploads\/2023\/01\/IL-Plani-i-Prokurimit-2023.pdf\">Shkarko<\/a><\/p>\n\t\t\t\t\t\t\t\t\t\t\t\t<a tabindex=\"0\">2022<\/a>\n\t\t\t\t\t<p>Plani i prokurimit per vitin 2022<\/p><p><a href=\"\/docs\/Plani i Prokurimit_2022_FINAL.pdf\">Shkarko<\/a><\/p>\n\t\t\t\t\t\t\t\t\t\t\t\t<a tabindex=\"0\">2021<\/a>\n\t\t\t\t\t<p>Plani i prokurimit per vitin 2021<\/p><p><a href=\"\/docs\/Plani i Prokurimit_2021_FINAL.pdf\">Shkarko<\/a><\/p>\n\t\t\t\t\t\t\t\t\t\t\t\t<a tabindex=\"0\">2020<\/a>\n\t\t\t\t\t<p>&#8220;Plani i prokurimit per vitin 2020<\/p><p><a href=\"\/docs\/Plani i prokurimit_2020.pdf\">Shkarko<\/a><\/p>\n\t\t\t\t\t\t\t\t\t\t\t\t<a tabindex=\"0\">2019<\/a>\n\t\t\t\t\t<p>Plani i prokurimit per vitin 2019<\/p><p><a href=\"\/docs\/Plani i Prokurimit_2019_FINAL.pdf\">Shkarko<\/a><\/p>\n\t\t\t\t\t\t\t\t\t\t\t\t<a tabindex=\"0\">2018<\/a>\n\t\t\t\t\t<p>Plani i prokurimit per vitin 2028<\/p><p><a href=\"\/docs\/Plani i Prokurimit_2018_FINAL.pdf\">Shkarko<\/a><\/p>\n\t\t\t\t\t\t\t\t\t\t\t\t<a tabindex=\"0\">2017<\/a>\n\t\t\t\t\t<p>Plani i prokurimit per vitin 2017<\/p><p><a href=\"\/docs\/Plani i Prokurimit_2017_FINAL.pdf\">Shkarko<\/a><\/p>","_sq_post_name":"prokurimi","_sq_post_excerpt":"","_sq_post_title":"<span key=\"prokurimi\">PROKURIMI<\/span>","_en_post_content":"","_en_post_name":"","_en_post_excerpt":"","_en_post_title":"","_sr_post_content":"","_sr_post_name":"","_sr_post_excerpt":"","_sr_post_title":"","edit_language":"sq","footnotes":""},"class_list":["post-8083","page","type-page","status-publish","hentry"],"publishpress_future_action":{"enabled":false,"date":"2026-04-18 05:31:51","action":"change-status","newStatus":"draft","terms":[],"taxonomy":"","extraData":[]},"publishpress_future_workflow_manual_trigger":{"enabledWorkflows":[]},"_links":{"self":[{"href":"https:\/\/www.iber-lepenc.org\/sq\/wp-json\/wp\/v2\/pages\/8083","targetHints":{"allow":["GET"]}}],"collection":[{"href":"https:\/\/www.iber-lepenc.org\/sq\/wp-json\/wp\/v2\/pages"}],"about":[{"href":"https:\/\/www.iber-lepenc.org\/sq\/wp-json\/wp\/v2\/types\/page"}],"author":[{"embeddable":true,"href":"https:\/\/www.iber-lepenc.org\/sq\/wp-json\/wp\/v2\/users\/1"}],"replies":[{"embeddable":true,"href":"https:\/\/www.iber-lepenc.org\/sq\/wp-json\/wp\/v2\/comments?post=8083"}],"version-history":[{"count":9,"href":"https:\/\/www.iber-lepenc.org\/sq\/wp-json\/wp\/v2\/pages\/8083\/revisions"}],"predecessor-version":[{"id":11033,"href":"https:\/\/www.iber-lepenc.org\/sq\/wp-json\/wp\/v2\/pages\/8083\/revisions\/11033"}],"up":[{"embeddable":true,"href":"https:\/\/www.iber-lepenc.org\/sq\/wp-json\/wp\/v2\/pages\/6413"}],"wp:attachment":[{"href":"https:\/\/www.iber-lepenc.org\/sq\/wp-json\/wp\/v2\/media?parent=8083"}],"curies":[{"name":"wp","href":"https:\/\/api.w.org\/{rel}","templated":true}]}}