{"id":7914,"date":"2022-12-20T09:51:54","date_gmt":"2022-12-20T09:51:54","guid":{"rendered":"https:\/\/iberlepenci.hajt24.xyz\/?page_id=7914"},"modified":"2023-03-20T15:34:19","modified_gmt":"2023-03-20T15:34:19","slug":"projekti-i-bankes-boterore","status":"publish","type":"page","link":"https:\/\/www.iber-lepenc.org\/sq\/per-ne\/projekti-i-bankes-boterore\/","title":{"rendered":"<span key=\"projekti_bankes\">PROJEKTI I BANK\u00cbS BOT\u00cbRORE<\/span>"},"content":{"rendered":"\t\t<div data-elementor-type=\"wp-page\" data-elementor-id=\"7914\" class=\"elementor elementor-7914\">\n\t\t\t\t\t\t<section class=\"elementor-section elementor-top-section elementor-element elementor-element-0326ee6 elementor-section-boxed elementor-section-height-default elementor-section-height-default\" data-id=\"0326ee6\" data-element_type=\"section\">\n\t\t\t\t\t\t<div class=\"elementor-container elementor-column-gap-default\">\n\t\t\t\t\t<div class=\"elementor-column elementor-col-100 elementor-top-column elementor-element elementor-element-60ae3a7\" data-id=\"60ae3a7\" data-element_type=\"column\">\n\t\t\t<div class=\"elementor-widget-wrap elementor-element-populated\">\n\t\t\t\t\t\t<div class=\"elementor-element elementor-element-55f4d86 elementor-widget elementor-widget-html\" data-id=\"55f4d86\" data-element_type=\"widget\" data-widget_type=\"html.default\">\n\t\t\t\t<div class=\"elementor-widget-container\">\n\t\t\t\t\t\n<div class=\"linqet-wrapper\" key=\"projekti_bankes_links\">\n    \n<a href=\"https:\/\/www.iber-lepenc.org\/wp-content\/uploads\/2023\/03\/01-REoI-Kosovo-TA_01-Mars-2023_shqip.pdf\">K\u00ebrkes\u00eb p\u00ebr shprehje t\u00eb interesit \u2013 Sh\u00ebrbimet e mbikqyrj\u00ebs p\u00ebr zbatimin e projektit p\u00ebr rehabilitimin e kanalit kryesor t\u00eb Ib\u00ebr Lepencit<\/a>\n\n\n<a href=\"\/docs\/Rehabilitimi_i_kanalit_kryesor_te_Iber_Lepencit.pdf\">Rehabilitimi i kanalit kryesor t\u00eb Iber Lepencit<\/a>\n\n<\/div>\t\t\t\t<\/div>\n\t\t\t\t<\/div>\n\t\t\t\t\t<\/div>\n\t\t<\/div>\n\t\t\t\t\t<\/div>\n\t\t<\/section>\n\t\t\t\t<\/div>\n\t\t","protected":false},"excerpt":{"rendered":"<p>K\u00ebrkes\u00eb p\u00ebr shprehje t\u00eb interesit \u2013 Sh\u00ebrbimet e mbikqyrj\u00ebs p\u00ebr zbatimin e projektit p\u00ebr rehabilitimin e kanalit kryesor t\u00eb Ib\u00ebr Lepencit Rehabilitimi i kanalit kryesor t\u00eb Iber Lepencit<\/p>\n","protected":false},"author":1,"featured_media":0,"parent":6413,"menu_order":0,"comment_status":"closed","ping_status":"closed","template":"","meta":{"_sq_post_content":"<a href=\"https:\/\/www.iber-lepenc.org\/wp-content\/uploads\/2023\/03\/01-REoI-Kosovo-TA_01-Mars-2023_shqip.pdf\">K\u00ebrkes\u00eb p\u00ebr shprehje t\u00eb interesit \u2013 Sh\u00ebrbimet e mbikqyrj\u00ebs p\u00ebr zbatimin e projektit p\u00ebr rehabilitimin e kanalit kryesor t\u00eb Ib\u00ebr Lepencit<\/a>\n<a href=\"\/docs\/Rehabilitimi_i_kanalit_kryesor_te_Iber_Lepencit.pdf\">Rehabilitimi i kanalit kryesor t\u00eb Iber Lepencit<\/a>","_sq_post_name":"projekti-i-bankes-boterore","_sq_post_excerpt":"","_sq_post_title":"<span key=\"projekti_bankes\">PROJEKTI I BANK\u00cbS BOT\u00cbRORE<\/span>","_en_post_content":"","_en_post_name":"","_en_post_excerpt":"","_en_post_title":"","_sr_post_content":"","_sr_post_name":"","_sr_post_excerpt":"","_sr_post_title":"","edit_language":"sq","footnotes":""},"class_list":["post-7914","page","type-page","status-publish","hentry"],"publishpress_future_action":{"enabled":false,"date":"2026-05-09 12:53:25","action":"change-status","newStatus":"draft","terms":[],"taxonomy":"","extraData":[]},"publishpress_future_workflow_manual_trigger":{"enabledWorkflows":[]},"_links":{"self":[{"href":"https:\/\/www.iber-lepenc.org\/sq\/wp-json\/wp\/v2\/pages\/7914","targetHints":{"allow":["GET"]}}],"collection":[{"href":"https:\/\/www.iber-lepenc.org\/sq\/wp-json\/wp\/v2\/pages"}],"about":[{"href":"https:\/\/www.iber-lepenc.org\/sq\/wp-json\/wp\/v2\/types\/page"}],"author":[{"embeddable":true,"href":"https:\/\/www.iber-lepenc.org\/sq\/wp-json\/wp\/v2\/users\/1"}],"replies":[{"embeddable":true,"href":"https:\/\/www.iber-lepenc.org\/sq\/wp-json\/wp\/v2\/comments?post=7914"}],"version-history":[{"count":6,"href":"https:\/\/www.iber-lepenc.org\/sq\/wp-json\/wp\/v2\/pages\/7914\/revisions"}],"predecessor-version":[{"id":8761,"href":"https:\/\/www.iber-lepenc.org\/sq\/wp-json\/wp\/v2\/pages\/7914\/revisions\/8761"}],"up":[{"embeddable":true,"href":"https:\/\/www.iber-lepenc.org\/sq\/wp-json\/wp\/v2\/pages\/6413"}],"wp:attachment":[{"href":"https:\/\/www.iber-lepenc.org\/sq\/wp-json\/wp\/v2\/media?parent=7914"}],"curies":[{"name":"wp","href":"https:\/\/api.w.org\/{rel}","templated":true}]}}