{"id":7897,"date":"2022-12-20T09:17:52","date_gmt":"2022-12-20T09:17:52","guid":{"rendered":"https:\/\/iberlepenci.hajt24.xyz\/?page_id=7897"},"modified":"2022-12-27T14:10:13","modified_gmt":"2022-12-27T14:10:13","slug":"sinjalizimi","status":"publish","type":"page","link":"https:\/\/www.iber-lepenc.org\/sq\/sinjalizimi\/","title":{"rendered":"SINJALIZIMI"},"content":{"rendered":"\t\t<div data-elementor-type=\"wp-page\" data-elementor-id=\"7897\" class=\"elementor elementor-7897\">\n\t\t\t\t\t\t<section class=\"elementor-section elementor-top-section elementor-element elementor-element-0324f03 elementor-section-boxed elementor-section-height-default elementor-section-height-default\" data-id=\"0324f03\" data-element_type=\"section\">\n\t\t\t\t\t\t<div class=\"elementor-container elementor-column-gap-default\">\n\t\t\t\t\t<div class=\"elementor-column elementor-col-100 elementor-top-column elementor-element elementor-element-41cd534\" data-id=\"41cd534\" data-element_type=\"column\">\n\t\t\t<div class=\"elementor-widget-wrap elementor-element-populated\">\n\t\t\t\t\t\t<div class=\"elementor-element elementor-element-accd1da elementor-widget elementor-widget-html\" data-id=\"accd1da\" data-element_type=\"widget\" data-widget_type=\"html.default\">\n\t\t\t\t<div class=\"elementor-widget-container\">\n\t\t\t\t\t<h3>Sinjalizimi<\/h3>\t\t\t\t<\/div>\n\t\t\t\t<\/div>\n\t\t\t\t\t<\/div>\n\t\t<\/div>\n\t\t\t\t\t<\/div>\n\t\t<\/section>\n\t\t\t\t<section class=\"elementor-section elementor-top-section elementor-element elementor-element-3187fd4 elementor-section-boxed elementor-section-height-default elementor-section-height-default\" data-id=\"3187fd4\" data-element_type=\"section\">\n\t\t\t\t\t\t<div class=\"elementor-container elementor-column-gap-default\">\n\t\t\t\t\t<div class=\"elementor-column elementor-col-100 elementor-top-column elementor-element elementor-element-0dd4db2\" data-id=\"0dd4db2\" data-element_type=\"column\">\n\t\t\t<div class=\"elementor-widget-wrap elementor-element-populated\">\n\t\t\t\t\t\t<div class=\"elementor-element elementor-element-228cd79 elementor-widget elementor-widget-html\" data-id=\"228cd79\" data-element_type=\"widget\" data-widget_type=\"html.default\">\n\t\t\t\t<div class=\"elementor-widget-container\">\n\t\t\t\t\t<div class=\"sinjalizuesit\">\n    <p>Zyrtari p\u00ebrgjegj\u00ebs p\u00ebr sinjalizim:<\/p>\n    <p>Genc Zogaj<\/p>\n    <p><a href=\"mailto:genc.zogaj@iber-lepenc.org\"><span style=\"color:black\">E-mail: <\/span>genc.zogaj@iber-lepenc.org<\/a><\/p>\n    <p><a href=\"tel:+38526070\"><span style=\"color:black\">Tel: <\/span>038-526070 ex 107<\/a><\/p>\n<\/div>\t\t\t\t<\/div>\n\t\t\t\t<\/div>\n\t\t\t\t\t<\/div>\n\t\t<\/div>\n\t\t\t\t\t<\/div>\n\t\t<\/section>\n\t\t\t\t<section class=\"elementor-section elementor-top-section elementor-element elementor-element-3263715 elementor-section-boxed elementor-section-height-default elementor-section-height-default\" data-id=\"3263715\" data-element_type=\"section\">\n\t\t\t\t\t\t<div class=\"elementor-container elementor-column-gap-default\">\n\t\t\t\t\t<div class=\"elementor-column elementor-col-100 elementor-top-column elementor-element elementor-element-f31cb9c\" data-id=\"f31cb9c\" data-element_type=\"column\">\n\t\t\t<div class=\"elementor-widget-wrap elementor-element-populated\">\n\t\t\t\t\t\t<div class=\"elementor-element elementor-element-2fd7b15 elementor-widget elementor-widget-html\" data-id=\"2fd7b15\" data-element_type=\"widget\" data-widget_type=\"html.default\">\n\t\t\t\t<div class=\"elementor-widget-container\">\n\t\t\t\t\t<h3>Formulari<\/h3>\t\t\t\t<\/div>\n\t\t\t\t<\/div>\n\t\t\t\t\t<\/div>\n\t\t<\/div>\n\t\t\t\t\t<\/div>\n\t\t<\/section>\n\t\t\t\t<section class=\"elementor-section elementor-top-section elementor-element elementor-element-5e32c97 elementor-section-boxed elementor-section-height-default elementor-section-height-default\" data-id=\"5e32c97\" data-element_type=\"section\">\n\t\t\t\t\t\t<div class=\"elementor-container elementor-column-gap-default\">\n\t\t\t\t\t<div class=\"elementor-column elementor-col-100 elementor-top-column elementor-element elementor-element-f4f03f0\" data-id=\"f4f03f0\" data-element_type=\"column\">\n\t\t\t<div class=\"elementor-widget-wrap elementor-element-populated\">\n\t\t\t\t\t\t<div class=\"elementor-element elementor-element-a1a6ad6 elementor-widget elementor-widget-html\" data-id=\"a1a6ad6\" data-element_type=\"widget\" data-widget_type=\"html.default\">\n\t\t\t\t<div class=\"elementor-widget-container\">\n\t\t\t\t\t<p>Formular p\u00ebr raportimin n\u00eb interes publik - <a href=\"\/docs\/Formular_per_raportimin_ne_interes_publik_(4).docx\">Shkarko<\/a><\/p>\n<p>Ligji p\u00ebr mbrojtjen e Sinjalizuesve - <a href=\"\/docs\/LIGJI_NR._06_L-085_P\u00cbR_MBROJTJEN_E_SINJALIZUESVE.pdf\">Shkarko<\/a><\/p>\n<p>Rregullorja p\u00ebr Trajtimin e Rasteve - <a href=\"\/docs\/RREGULLORE_(QRK)_Nr.03_2021_P\u00cbR_P\u00cbRCAKTIMIN_E_PROCEDUR\u00cbS__P\u00cbR_PRANIMIN_DHE_TRAJTIMIN_E_RASTEVE_T\u00cb_SINJALIZIMIT.pdf\">Shkarko<\/a><\/p>\t\t\t\t<\/div>\n\t\t\t\t<\/div>\n\t\t\t\t\t<\/div>\n\t\t<\/div>\n\t\t\t\t\t<\/div>\n\t\t<\/section>\n\t\t\t\t<\/div>\n\t\t","protected":false},"excerpt":{"rendered":"<p>Sinjalizimi Zyrtari p\u00ebrgjegj\u00ebs p\u00ebr sinjalizim: Genc Zogaj E-mail: genc.zogaj@iber-lepenc.org Tel: 038-526070 ex 107 Formulari Formular p\u00ebr raportimin n\u00eb interes publik &#8211; Shkarko Ligji p\u00ebr mbrojtjen e Sinjalizuesve &#8211; Shkarko Rregullorja p\u00ebr Trajtimin e Rasteve &#8211; Shkarko<\/p>\n","protected":false},"author":1,"featured_media":0,"parent":0,"menu_order":0,"comment_status":"closed","ping_status":"closed","template":"","meta":{"_sq_post_content":"<h3>Sinjalizimi<\/h3>\t\t\n    <p>Zyrtari p\u00ebrgjegj\u00ebs p\u00ebr sinjalizim:<\/p>\n    <p>Genc Zogaj<\/p>\n    <p><a href=\"mailto:genc.zogaj@iber-lepenc.org\">E-mail: genc.zogaj@iber-lepenc.org<\/a><\/p>\n    <p><a href=\"tel:+38526070\">Tel: 038-526070 ex 107<\/a><\/p>\n\t\t\t<h3>Formulari<\/h3>\t\t\n\t\t\t<p>Formular p\u00ebr raportimin n\u00eb interes publik - <a href=\"\/docs\/Formular_per_raportimin_ne_interes_publik_(4).docx\">Shkarko<\/a><\/p>\n<p>Ligji p\u00ebr mbrojtjen e Sinjalizuesve - <a href=\"\/docs\/LIGJI_NR._06_L-085_P\u00cbR_MBROJTJEN_E_SINJALIZUESVE.pdf\">Shkarko<\/a><\/p>\n<p>Rregullorja p\u00ebr Trajtimin e Rasteve - <a href=\"\/docs\/RREGULLORE_(QRK)_Nr.03_2021_P\u00cbR_P\u00cbRCAKTIMIN_E_PROCEDUR\u00cbS__P\u00cbR_PRANIMIN_DHE_TRAJTIMIN_E_RASTEVE_T\u00cb_SINJALIZIMIT.pdf\">Shkarko<\/a><\/p>","_sq_post_name":"sinjalizimi","_sq_post_excerpt":"","_sq_post_title":"SINJALIZIMI","_en_post_content":"","_en_post_name":"","_en_post_excerpt":"","_en_post_title":"","_sr_post_content":"","_sr_post_name":"","_sr_post_excerpt":"","_sr_post_title":"","edit_language":"sq","footnotes":""},"class_list":["post-7897","page","type-page","status-publish","hentry"],"publishpress_future_action":{"enabled":false,"date":"2026-05-13 00:53:12","action":"change-status","newStatus":"draft","terms":[],"taxonomy":"","extraData":[]},"publishpress_future_workflow_manual_trigger":{"enabledWorkflows":[]},"_links":{"self":[{"href":"https:\/\/www.iber-lepenc.org\/sq\/wp-json\/wp\/v2\/pages\/7897","targetHints":{"allow":["GET"]}}],"collection":[{"href":"https:\/\/www.iber-lepenc.org\/sq\/wp-json\/wp\/v2\/pages"}],"about":[{"href":"https:\/\/www.iber-lepenc.org\/sq\/wp-json\/wp\/v2\/types\/page"}],"author":[{"embeddable":true,"href":"https:\/\/www.iber-lepenc.org\/sq\/wp-json\/wp\/v2\/users\/1"}],"replies":[{"embeddable":true,"href":"https:\/\/www.iber-lepenc.org\/sq\/wp-json\/wp\/v2\/comments?post=7897"}],"version-history":[{"count":0,"href":"https:\/\/www.iber-lepenc.org\/sq\/wp-json\/wp\/v2\/pages\/7897\/revisions"}],"wp:attachment":[{"href":"https:\/\/www.iber-lepenc.org\/sq\/wp-json\/wp\/v2\/media?parent=7897"}],"curies":[{"name":"wp","href":"https:\/\/api.w.org\/{rel}","templated":true}]}}