{"id":7860,"date":"2022-12-20T08:49:03","date_gmt":"2022-12-20T08:49:03","guid":{"rendered":"https:\/\/iberlepenci.hajt24.xyz\/?page_id=7860"},"modified":"2024-09-26T07:48:16","modified_gmt":"2024-09-26T07:48:16","slug":"ujitja-e-tokave-bujqesore","status":"publish","type":"page","link":"https:\/\/www.iber-lepenc.org\/sq\/sherbimet\/ujitja-e-tokave-bujqesore\/","title":{"rendered":"<span key=\"ujitja_tokave\">UJITJA E TOKAVE BUJQ\u00cbSORE<\/span>"},"content":{"rendered":"<p><strong>Ujitja e tokave bujq\u00ebsore<\/strong><\/p>\n<p><strong>\u00a0<\/strong><\/p>\n<p>\u201cIb\u00ebr-Lepenc\u201d ka nj\u00eb p\u00ebrvoj\u00eb t\u00eb gjat\u00eb n\u00eb ofrimin e sh\u00ebrbimeve p\u00ebr ujitjen e kulturave bujq\u00ebsore me an\u00eb t\u00eb pajisje bashk\u00ebkohore . Shumica e fermer\u00ebve tashm\u00eb jan\u00eb t\u00eb njohur me sh\u00ebrbimet e k\u00ebsaj nd\u00ebrmarrje Hidro-Ekonomike e cila ka nj\u00eb p\u00ebrvoj\u00eb p\u00ebr m\u00eb shum\u00eb se 40 vje\u04abare n\u00eb sektorin e ujitjes.<\/p>\n<p>Furnizimin me uj\u00eb p\u00ebr ujitje e kulturave \u00a0bujq\u00ebsisore b\u00ebhet n\u00eb k\u00ebto komuna:<\/p>\n<ul>\n<li>Mitrovic\u00eb<\/li>\n<li>Vushtrri<\/li>\n<li>Obiliq<\/li>\n<li>Prishtin\u00eb<\/li>\n<li>Gllogoc (Drenas)<\/li>\n<\/ul>\n<p>Fermer\u00ebt t\u00eb cil\u00ebt shprehin interesim ti ujisin \u00a0kulturat e tyre bujq\u00ebsore aty ku shtrihet sistemi i ujitjes \u201cIb\u00ebr-Lepenc\u201d mund t\u00eb kontraktojn\u00eb Nj\u00ebsit\u00eb Punuese n\u00eb Vushtrri, Shkabaj dhe Komoran.<\/p>\n<p>Personi kontaktues p\u00ebr Nj\u00ebsin\u00eb Punuese Vushtrri &#8211; Komunat Vushtrri dhe Mitrovic\u00eb<br \/>\nUdh\u00ebheq\u00ebsi i Nj.P. n\u00eb \u201cVushtrri\u201d\u00a0 &#8211; Behar Mjeku<br \/>\nTel: +383(0)28 515 888; Mob: 045 990 090 &amp; 048 231 226<br \/>\nE-mail:\u00a0<a href=\"mailto:behaj.mjeku@iber-lepenc.org\">behar.mjeku@iber-lepenc.org<\/a><\/p>\n<p>Personi kontaktues p\u00ebr Nj\u00ebsin\u00eb Punuese Shkabaj &#8211; Komunat Obiliq dhe Prishtin\u00eb<br \/>\nUdh\u00ebheq\u00ebsi i Nj.P. n\u00eb \u201cShkabaj\u201d\u00a0 &#8211; Fatlum Hasani<br \/>\nTel: +383(0)38 600 228; Mob: +383(0)44 586 887<br \/>\nE-mail:\u00a0<a href=\"mailto:fatlum.hasani@iber-lepenc.org\">fatlum.hasani@iber-lepenc.org<\/a><\/p>\n<p>Personi kontaktues p\u00ebr Nj\u00ebsin\u00eb Punuese Komoran &#8211; Komuna Drenas<br \/>\nUdh\u00ebheq\u00ebsi i Nj.P. n\u00eb \u201cKomoran\u201d\u00a0 &#8211; Sherif Mehmeti<br \/>\nTel: +383(0)38 587 047 228; Mob: +383(0)44 198 612<br \/>\nE-mail:\u00a0<a href=\"mailto:sherif.mehmeti@iber-lepenc.org\">sherif.mehmeti@iber-lepenc.org<\/a><\/p>\n","protected":false},"excerpt":{"rendered":"<p>Ujitja e tokave bujq\u00ebsore \u00a0 \u201cIb\u00ebr-Lepenc\u201d ka nj\u00eb p\u00ebrvoj\u00eb t\u00eb gjat\u00eb n\u00eb ofrimin e sh\u00ebrbimeve p\u00ebr ujitjen e kulturave bujq\u00ebsore me an\u00eb t\u00eb pajisje bashk\u00ebkohore . Shumica e fermer\u00ebve tashm\u00eb jan\u00eb t\u00eb njohur me sh\u00ebrbimet e k\u00ebsaj nd\u00ebrmarrje Hidro-Ekonomike e cila ka nj\u00eb p\u00ebrvoj\u00eb p\u00ebr m\u00eb shum\u00eb se 40 vje\u04abare n\u00eb sektorin e ujitjes. Furnizimin [&hellip;]<\/p>\n","protected":false},"author":1,"featured_media":0,"parent":6936,"menu_order":0,"comment_status":"closed","ping_status":"closed","template":"","meta":{"_sq_post_content":"<strong>Ujitja e tokave bujq\u00ebsore<\/strong>\n\n<strong>\u00a0<\/strong>\n\n\u201cIb\u00ebr-Lepenc\u201d ka nj\u00eb p\u00ebrvoj\u00eb t\u00eb gjat\u00eb n\u00eb ofrimin e sh\u00ebrbimeve p\u00ebr ujitjen e kulturave bujq\u00ebsore me an\u00eb t\u00eb pajisje bashk\u00ebkohore . Shumica e fermer\u00ebve tashm\u00eb jan\u00eb t\u00eb njohur me sh\u00ebrbimet e k\u00ebsaj nd\u00ebrmarrje Hidro-Ekonomike e cila ka nj\u00eb p\u00ebrvoj\u00eb p\u00ebr m\u00eb shum\u00eb se 40 vje\u04abare n\u00eb sektorin e ujitjes.\n\nFurnizimin me uj\u00eb p\u00ebr ujitje e kulturave \u00a0bujq\u00ebsisore b\u00ebhet n\u00eb k\u00ebto komuna:\n<ul>\n \t<li>Mitrovic\u00eb<\/li>\n \t<li>Vushtrri<\/li>\n \t<li>Obiliq<\/li>\n \t<li>Prishtin\u00eb<\/li>\n \t<li>Gllogoc (Drenas)<\/li>\n<\/ul>\nFermer\u00ebt t\u00eb cil\u00ebt shprehin interesim ti ujisin \u00a0kulturat e tyre bujq\u00ebsore aty ku shtrihet sistemi i ujitjes \u201cIb\u00ebr-Lepenc\u201d mund t\u00eb kontraktojn\u00eb Nj\u00ebsit\u00eb Punuese n\u00eb Vushtrri, Shkabaj dhe Komoran.\n\nPersoni kontaktues p\u00ebr Nj\u00ebsin\u00eb Punuese Vushtrri - Komunat Vushtrri dhe Mitrovic\u00eb\nUdh\u00ebheq\u00ebsi i Nj.P. n\u00eb \u201cVushtrri\u201d\u00a0 - Behar Mjeku\nTel: +383(0)28 515 888; Mob: 045 990 090 &amp; 048 231 226\nE-mail:\u00a0<a href=\"mailto:behaj.mjeku@iber-lepenc.org\">behar.mjeku@iber-lepenc.org<\/a>\n\nPersoni kontaktues p\u00ebr Nj\u00ebsin\u00eb Punuese Shkabaj - Komunat Obiliq dhe Prishtin\u00eb\nUdh\u00ebheq\u00ebsi i Nj.P. n\u00eb \u201cShkabaj\u201d\u00a0 - Fatlum Hasani\nTel: +383(0)38 600 228; Mob: +383(0)44 586 887\nE-mail:\u00a0<a href=\"mailto:fatlum.hasani@iber-lepenc.org\">fatlum.hasani@iber-lepenc.org<\/a>\n\nPersoni kontaktues p\u00ebr Nj\u00ebsin\u00eb Punuese Komoran - Komuna Drenas\nUdh\u00ebheq\u00ebsi i Nj.P. n\u00eb \u201cKomoran\u201d\u00a0 - Sherif Mehmeti\nTel: +383(0)38 587 047 228; Mob: +383(0)44 198 612\nE-mail:\u00a0<a href=\"mailto:sherif.mehmeti@iber-lepenc.org\">sherif.mehmeti@iber-lepenc.org<\/a>","_sq_post_name":"ujitja-e-tokave-bujqesore","_sq_post_excerpt":"","_sq_post_title":"<span key=\"ujitja_tokave\">UJITJA E TOKAVE BUJQ\u00cbSORE<\/span>","_en_post_content":"","_en_post_name":"","_en_post_excerpt":"","_en_post_title":"","_sr_post_content":"","_sr_post_name":"","_sr_post_excerpt":"","_sr_post_title":"","edit_language":"sq","footnotes":""},"class_list":["post-7860","page","type-page","status-publish","hentry"],"publishpress_future_action":{"enabled":false,"date":"2026-04-12 12:50:26","action":"change-status","newStatus":"draft","terms":[],"taxonomy":"","extraData":[]},"publishpress_future_workflow_manual_trigger":{"enabledWorkflows":[]},"_links":{"self":[{"href":"https:\/\/www.iber-lepenc.org\/sq\/wp-json\/wp\/v2\/pages\/7860","targetHints":{"allow":["GET"]}}],"collection":[{"href":"https:\/\/www.iber-lepenc.org\/sq\/wp-json\/wp\/v2\/pages"}],"about":[{"href":"https:\/\/www.iber-lepenc.org\/sq\/wp-json\/wp\/v2\/types\/page"}],"author":[{"embeddable":true,"href":"https:\/\/www.iber-lepenc.org\/sq\/wp-json\/wp\/v2\/users\/1"}],"replies":[{"embeddable":true,"href":"https:\/\/www.iber-lepenc.org\/sq\/wp-json\/wp\/v2\/comments?post=7860"}],"version-history":[{"count":18,"href":"https:\/\/www.iber-lepenc.org\/sq\/wp-json\/wp\/v2\/pages\/7860\/revisions"}],"predecessor-version":[{"id":10254,"href":"https:\/\/www.iber-lepenc.org\/sq\/wp-json\/wp\/v2\/pages\/7860\/revisions\/10254"}],"up":[{"embeddable":true,"href":"https:\/\/www.iber-lepenc.org\/sq\/wp-json\/wp\/v2\/pages\/6936"}],"wp:attachment":[{"href":"https:\/\/www.iber-lepenc.org\/sq\/wp-json\/wp\/v2\/media?parent=7860"}],"curies":[{"name":"wp","href":"https:\/\/api.w.org\/{rel}","templated":true}]}}