{"id":7833,"date":"2022-12-19T23:03:34","date_gmt":"2022-12-19T23:03:34","guid":{"rendered":"https:\/\/iberlepenci.hajt24.xyz\/?page_id=7833"},"modified":"2026-02-16T12:54:04","modified_gmt":"2026-02-16T12:54:04","slug":"dokumente","status":"publish","type":"page","link":"https:\/\/www.iber-lepenc.org\/sq\/per-ne\/dokumente\/","title":{"rendered":"<span key=\"menu_dokumente\">DOKUMENTE<\/span>"},"content":{"rendered":"\t\t<div data-elementor-type=\"wp-page\" data-elementor-id=\"7833\" class=\"elementor elementor-7833\">\n\t\t\t\t\t\t<section class=\"elementor-section elementor-top-section elementor-element elementor-element-6f8435e elementor-section-boxed elementor-section-height-default elementor-section-height-default\" data-id=\"6f8435e\" data-element_type=\"section\">\n\t\t\t\t\t\t<div class=\"elementor-container elementor-column-gap-default\">\n\t\t\t\t\t<div class=\"elementor-column elementor-col-100 elementor-top-column elementor-element elementor-element-1f1f2bc\" data-id=\"1f1f2bc\" data-element_type=\"column\">\n\t\t\t<div class=\"elementor-widget-wrap elementor-element-populated\">\n\t\t\t\t\t\t<div class=\"elementor-element elementor-element-06ea30e elementor-widget elementor-widget-html\" data-id=\"06ea30e\" data-element_type=\"widget\" data-widget_type=\"html.default\">\n\t\t\t\t<div class=\"elementor-widget-container\">\n\t\t\t\t\t<h3 key=\"page_dokumentet\">Dokumentet<\/h3>\t\t\t\t<\/div>\n\t\t\t\t<\/div>\n\t\t\t\t\t<\/div>\n\t\t<\/div>\n\t\t\t\t\t<\/div>\n\t\t<\/section>\n\t\t\t\t<section class=\"elementor-section elementor-top-section elementor-element elementor-element-ca0fa37 elementor-section-boxed elementor-section-height-default elementor-section-height-default\" data-id=\"ca0fa37\" data-element_type=\"section\">\n\t\t\t\t\t\t<div class=\"elementor-container elementor-column-gap-default\">\n\t\t\t\t\t<div class=\"elementor-column elementor-col-100 elementor-top-column elementor-element elementor-element-5c52794\" data-id=\"5c52794\" data-element_type=\"column\">\n\t\t\t<div class=\"elementor-widget-wrap elementor-element-populated\">\n\t\t\t\t\t\t<div class=\"elementor-element elementor-element-46d611a elementor-widget elementor-widget-html\" data-id=\"46d611a\" data-element_type=\"widget\" data-widget_type=\"html.default\">\n\t\t\t\t<div class=\"elementor-widget-container\">\n\t\t\t\t\t<ul class=\"linqet-wrapper\">\r\n    <li><a href=\"https:\/\/www.iber-lepenc.org\/wp-content\/uploads\/2026\/02\/Raporti-per-vleresimin-e-rreziqeve-Tetor-Dhjetor-TM4-2025.pdf\">Raport p\u00ebr vler\u00ebsimin e rreziqeve p\u00ebr periudh\u00ebn tremujore Tetor-Dhjetor 2025<\/a><\/li>\r\n    <li><a href=\"https:\/\/www.iber-lepenc.org\/wp-content\/uploads\/2026\/02\/01-368-Dt-09.02.2026-Raportet-per-te-arriturat-e-NPH-Iber-Lepenc-TM4-2025-krahasuar-me-TM4-2024.pdf\">Raport Krahasues TM4 2025 me TM4 2024<\/a><\/li>\r\n    <li><a href=\"https:\/\/www.iber-lepenc.org\/wp-content\/uploads\/2026\/02\/01-367-Dt-09.02.2026-Raport-tre-mujor-Tetor-Dhjetor-2025-TM4.pdf\">Raporti Tre mujor Tetor-Dhjetor 2025<\/a><\/li>   \r\n    <li><a href=\"https:\/\/www.iber-lepenc.org\/wp-content\/uploads\/2025\/12\/01-4391-Dt-02.12.2025-Raporti-mbi-te-arriturat-TM3-2025-krahasuar-me-TM3-2024.pdf\">Raport Krahasues TM3 2025 me TM3 2024<\/a><\/li>\r\n    <li><a href=\"https:\/\/www.iber-lepenc.org\/wp-content\/uploads\/2025\/12\/Raporti-tre-mujor-Korrik-Shtator-2025-TM3-01-4321-Dt-25.11.2025-.pdf\">Raporti Tre mujor Korrik-Shtator 2025<\/a><\/li>\r\n    <li><a href=\"https:\/\/www.iber-lepenc.org\/wp-content\/uploads\/2025\/11\/Raport-Krahasues-TM2-2025-me-TM2-2024.pdf\">Raport Krahasues TM2 2025 me TM2 2024<\/a><\/li>\r\n    <li><a href=\"https:\/\/www.iber-lepenc.org\/wp-content\/uploads\/2025\/11\/01-3466-Dt-29.08.2025-Raporti-tre-mujor-Prill-Qershor-2025-TM2.pdf\">Raporti Tre mujor Prill-Qershor 2025<\/a><\/li>\r\n    <li><a href=\"https:\/\/www.iber-lepenc.org\/wp-content\/uploads\/2025\/11\/Raport-Krahasues-TM12025-me-TM1-2024-me-nr-prot.01-1589-Dt-20.05.2025-.pdf\">Raport Krahasues TM12025 me TM1 2024<\/a><\/li>\r\n  <li><a href=\"https:\/\/www.iber-lepenc.org\/wp-content\/uploads\/2025\/11\/01-1590-Dt-20.05.2025-Raporti-Tre-Mujor-Janar-Mars-2025-TM1.pdf\">Raporti Tre Mujor Janar-Mars 2025<\/a><\/li>\r\n  <li><a href=\"https:\/\/www.iber-lepenc.org\/wp-content\/uploads\/2025\/08\/01-858-Dt-18.03.2025-Raporti-Vjetor-per-vitin-2024.pdf\" target=\"_blank\">Raporti Vjetor 2024<\/a><\/li>\r\n  <li><a href=\"https:\/\/www.iber-lepenc.org\/wp-content\/uploads\/2023\/03\/Raporti-Vjetor-2022.pdf\" target=\"_blank\">Raporti Vjetor 2022<\/a><\/li>\r\n  <li><a href=\"https:\/\/www.iber-lepenc.org\/wp-content\/uploads\/2023\/03\/Raporti-i-knaqshmeris-se-konsumatoreve-per-vitin-2022.pdf\" target=\"_blank\">Raporti i k\u00ebnaqshm\u00ebris\u00eb s\u00eb konsumator\u00ebve p\u00ebr vitin 2022<\/a><\/li>\r\n  <li><a href=\"https:\/\/www.iber-lepenc.org\/wp-content\/uploads\/2023\/05\/Statuti-i-Ndermarrjes-Iber-Lepenc-2022-publikuar-26.05.2023.pdf\">Statuti i Nd\u00ebrrmarjes Hidroekonomike \"Iber Lepenci\" Sh.A. - 2022<\/a><\/li>\r\n  <li><a href=\"\/docs\/Statuti_i_Ndermarrjes_2021_me_plotesim_ndyshime.pdf\" target=\"_blank\">Statuti i Nd\u00ebrrmarjes Hidroekonomike \"Iber Lepenci\" Sh.A. - 2021<\/a><\/li>\r\n  <li><a href=\"\/docs\/Deklarata_N__n_Betim.docx\" target=\"_blank\">Deklarata n\u00ebn Betim<\/a><\/li>\r\n  <li><a href=\"\/docs\/Vendim_per_miratim_te_Statutit_2020.pdf\" target=\"_blank\">Vendim - Miratohet Statuti me plot\u00ebsim ndryshim - 2020<\/a><\/li>\r\n  <li><a href=\"\/docs\/Ndryshimi_n___Statusin_e_Nd__rmarrjes_me_Vendim.pdf\" target=\"_blank\">Ndryshimi n\u00eb Statusin e Nd\u00ebrrmarjes me Vendim<\/a><\/li>\r\n  <li><a href=\"\/docs\/Kodi_i_Etikes.pdf\" target=\"_blank\">Kodi i Etik\u00ebs dhe Qeverisjes Korporative i N.H. \"Iber Lepenc\" Sh.A<\/a><\/li>\r\n  <li><a href=\"\/docs\/Statuti.pdf\" target=\"_blank\">Statuti i Nd\u00ebrrmarjes Hidroekonomike \"Iber Lepenci\" Sh.A.<\/a><\/li>\r\n  <li><a href=\"\/docs\/Ligji_per_Shoqerit_Tregetare.pdf\" target=\"_blank\">Ligji p\u00ebr Shoq\u00ebrit\u00eb Tregtare<\/a><\/li>\r\n  <li><a href=\"\/docs\/Kodi_i_Etikes.pdf\" target=\"_blank\">Kodi i Etik\u00ebs dhe Qeverisja Korporative p\u00ebr Nd\u00ebrrmarjet Publike<\/a><\/li>\r\n  <li><a href=\"https:\/\/www.iber-lepenc.org\/wp-content\/uploads\/2023\/11\/Skema-Organizative-e-Ndermarrjes.pdf\" target=\"_blank\">Skema Organizative e Nd\u00ebrrmarjes<\/a><\/li>\r\n  <li><a href=\"\/docs\/2008_03-L087_al.pdf\" target=\"_blank\">Ligji p\u00ebr Nd\u00ebrrmarjet Publike<\/a><\/li>\r\n<\/ul>\t\t\t\t<\/div>\n\t\t\t\t<\/div>\n\t\t\t\t\t<\/div>\n\t\t<\/div>\n\t\t\t\t\t<\/div>\n\t\t<\/section>\n\t\t\t\t<\/div>\n\t\t","protected":false},"excerpt":{"rendered":"<p>Dokumentet Raport p\u00ebr vler\u00ebsimin e rreziqeve p\u00ebr periudh\u00ebn tremujore Tetor-Dhjetor 2025 Raport Krahasues TM4 2025 me TM4 2024 Raporti Tre mujor Tetor-Dhjetor 2025 Raport Krahasues TM3 2025 me TM3 2024 Raporti Tre mujor Korrik-Shtator 2025 Raport Krahasues TM2 2025 me TM2 2024 Raporti Tre mujor Prill-Qershor 2025 Raport Krahasues TM12025 me TM1 2024 Raporti Tre [&hellip;]<\/p>\n","protected":false},"author":1,"featured_media":0,"parent":6413,"menu_order":0,"comment_status":"closed","ping_status":"closed","template":"","meta":{"_sq_post_content":"<h3 key=\"page_dokumentet\">Dokumentet<\/h3>\t\t\t\t\n\t\t\t\t\t<ul>\n    <li><a href=\"https:\/\/www.iber-lepenc.org\/wp-content\/uploads\/2026\/02\/Raporti-per-vleresimin-e-rreziqeve-Tetor-Dhjetor-TM4-2025.pdf\">Raport p\u00ebr vler\u00ebsimin e rreziqeve p\u00ebr periudh\u00ebn tremujore Tetor-Dhjetor 2025<\/a><\/li>\n    <li><a href=\"https:\/\/www.iber-lepenc.org\/wp-content\/uploads\/2026\/02\/01-368-Dt-09.02.2026-Raportet-per-te-arriturat-e-NPH-Iber-Lepenc-TM4-2025-krahasuar-me-TM4-2024.pdf\">Raport Krahasues TM4 2025 me TM4 2024<\/a><\/li>\n    <li><a href=\"https:\/\/www.iber-lepenc.org\/wp-content\/uploads\/2026\/02\/01-367-Dt-09.02.2026-Raport-tre-mujor-Tetor-Dhjetor-2025-TM4.pdf\">Raporti Tre mujor Tetor-Dhjetor 2025<\/a><\/li>   \n    <li><a href=\"https:\/\/www.iber-lepenc.org\/wp-content\/uploads\/2025\/12\/01-4391-Dt-02.12.2025-Raporti-mbi-te-arriturat-TM3-2025-krahasuar-me-TM3-2024.pdf\">Raport Krahasues TM3 2025 me TM3 2024<\/a><\/li>\n    <li><a href=\"https:\/\/www.iber-lepenc.org\/wp-content\/uploads\/2025\/12\/Raporti-tre-mujor-Korrik-Shtator-2025-TM3-01-4321-Dt-25.11.2025-.pdf\">Raporti Tre mujor Korrik-Shtator 2025<\/a><\/li>\n    <li><a href=\"https:\/\/www.iber-lepenc.org\/wp-content\/uploads\/2025\/11\/Raport-Krahasues-TM2-2025-me-TM2-2024.pdf\">Raport Krahasues TM2 2025 me TM2 2024<\/a><\/li>\n    <li><a href=\"https:\/\/www.iber-lepenc.org\/wp-content\/uploads\/2025\/11\/01-3466-Dt-29.08.2025-Raporti-tre-mujor-Prill-Qershor-2025-TM2.pdf\">Raporti Tre mujor Prill-Qershor 2025<\/a><\/li>\n    <li><a href=\"https:\/\/www.iber-lepenc.org\/wp-content\/uploads\/2025\/11\/Raport-Krahasues-TM12025-me-TM1-2024-me-nr-prot.01-1589-Dt-20.05.2025-.pdf\">Raport Krahasues TM12025 me TM1 2024<\/a><\/li>\n  <li><a href=\"https:\/\/www.iber-lepenc.org\/wp-content\/uploads\/2025\/11\/01-1590-Dt-20.05.2025-Raporti-Tre-Mujor-Janar-Mars-2025-TM1.pdf\">Raporti Tre Mujor Janar-Mars 2025<\/a><\/li>\n  <li><a href=\"https:\/\/www.iber-lepenc.org\/wp-content\/uploads\/2025\/08\/01-858-Dt-18.03.2025-Raporti-Vjetor-per-vitin-2024.pdf\" target=\"_blank\">Raporti Vjetor 2024<\/a><\/li>\n  <li><a href=\"https:\/\/www.iber-lepenc.org\/wp-content\/uploads\/2023\/03\/Raporti-Vjetor-2022.pdf\" target=\"_blank\">Raporti Vjetor 2022<\/a><\/li>\n  <li><a href=\"https:\/\/www.iber-lepenc.org\/wp-content\/uploads\/2023\/03\/Raporti-i-knaqshmeris-se-konsumatoreve-per-vitin-2022.pdf\" target=\"_blank\">Raporti i k\u00ebnaqshm\u00ebris\u00eb s\u00eb konsumator\u00ebve p\u00ebr vitin 2022<\/a><\/li>\n  <li><a href=\"https:\/\/www.iber-lepenc.org\/wp-content\/uploads\/2023\/05\/Statuti-i-Ndermarrjes-Iber-Lepenc-2022-publikuar-26.05.2023.pdf\">Statuti i Nd\u00ebrrmarjes Hidroekonomike \"Iber Lepenci\" Sh.A. - 2022<\/a><\/li>\n  <li><a href=\"\/docs\/Statuti_i_Ndermarrjes_2021_me_plotesim_ndyshime.pdf\" target=\"_blank\">Statuti i Nd\u00ebrrmarjes Hidroekonomike \"Iber Lepenci\" Sh.A. - 2021<\/a><\/li>\n  <li><a href=\"\/docs\/Deklarata_N__n_Betim.docx\" target=\"_blank\">Deklarata n\u00ebn Betim<\/a><\/li>\n  <li><a href=\"\/docs\/Vendim_per_miratim_te_Statutit_2020.pdf\" target=\"_blank\">Vendim - Miratohet Statuti me plot\u00ebsim ndryshim - 2020<\/a><\/li>\n  <li><a href=\"\/docs\/Ndryshimi_n___Statusin_e_Nd__rmarrjes_me_Vendim.pdf\" target=\"_blank\">Ndryshimi n\u00eb Statusin e Nd\u00ebrrmarjes me Vendim<\/a><\/li>\n  <li><a href=\"\/docs\/Kodi_i_Etikes.pdf\" target=\"_blank\">Kodi i Etik\u00ebs dhe Qeverisjes Korporative i N.H. \"Iber Lepenc\" Sh.A<\/a><\/li>\n  <li><a href=\"\/docs\/Statuti.pdf\" target=\"_blank\">Statuti i Nd\u00ebrrmarjes Hidroekonomike \"Iber Lepenci\" Sh.A.<\/a><\/li>\n  <li><a href=\"\/docs\/Ligji_per_Shoqerit_Tregetare.pdf\" target=\"_blank\">Ligji p\u00ebr Shoq\u00ebrit\u00eb Tregtare<\/a><\/li>\n  <li><a href=\"\/docs\/Kodi_i_Etikes.pdf\" target=\"_blank\">Kodi i Etik\u00ebs dhe Qeverisja Korporative p\u00ebr Nd\u00ebrrmarjet Publike<\/a><\/li>\n  <li><a href=\"https:\/\/www.iber-lepenc.org\/wp-content\/uploads\/2023\/11\/Skema-Organizative-e-Ndermarrjes.pdf\" target=\"_blank\">Skema Organizative e Nd\u00ebrrmarjes<\/a><\/li>\n  <li><a href=\"\/docs\/2008_03-L087_al.pdf\" target=\"_blank\">Ligji p\u00ebr Nd\u00ebrrmarjet Publike<\/a><\/li>\n<\/ul>","_sq_post_name":"dokumente","_sq_post_excerpt":"","_sq_post_title":"<span key=\"menu_dokumente\">DOKUMENTE<\/span>","_en_post_content":"","_en_post_name":"","_en_post_excerpt":"","_en_post_title":"","_sr_post_content":"","_sr_post_name":"","_sr_post_excerpt":"","_sr_post_title":"","edit_language":"sq","footnotes":""},"class_list":["post-7833","page","type-page","status-publish","hentry"],"publishpress_future_action":{"enabled":false,"date":"2026-05-07 23:28:27","action":"change-status","newStatus":"draft","terms":[],"taxonomy":"","extraData":[]},"publishpress_future_workflow_manual_trigger":{"enabledWorkflows":[]},"_links":{"self":[{"href":"https:\/\/www.iber-lepenc.org\/sq\/wp-json\/wp\/v2\/pages\/7833","targetHints":{"allow":["GET"]}}],"collection":[{"href":"https:\/\/www.iber-lepenc.org\/sq\/wp-json\/wp\/v2\/pages"}],"about":[{"href":"https:\/\/www.iber-lepenc.org\/sq\/wp-json\/wp\/v2\/types\/page"}],"author":[{"embeddable":true,"href":"https:\/\/www.iber-lepenc.org\/sq\/wp-json\/wp\/v2\/users\/1"}],"replies":[{"embeddable":true,"href":"https:\/\/www.iber-lepenc.org\/sq\/wp-json\/wp\/v2\/comments?post=7833"}],"version-history":[{"count":54,"href":"https:\/\/www.iber-lepenc.org\/sq\/wp-json\/wp\/v2\/pages\/7833\/revisions"}],"predecessor-version":[{"id":11088,"href":"https:\/\/www.iber-lepenc.org\/sq\/wp-json\/wp\/v2\/pages\/7833\/revisions\/11088"}],"up":[{"embeddable":true,"href":"https:\/\/www.iber-lepenc.org\/sq\/wp-json\/wp\/v2\/pages\/6413"}],"wp:attachment":[{"href":"https:\/\/www.iber-lepenc.org\/sq\/wp-json\/wp\/v2\/media?parent=7833"}],"curies":[{"name":"wp","href":"https:\/\/api.w.org\/{rel}","templated":true}]}}