{"id":7679,"date":"2022-12-19T14:06:27","date_gmt":"2022-12-19T14:06:27","guid":{"rendered":"https:\/\/iberlepenci.hajt24.xyz\/?page_id=7679"},"modified":"2023-01-11T14:34:44","modified_gmt":"2023-01-11T14:34:44","slug":"vegzat","status":"publish","type":"page","link":"https:\/\/www.iber-lepenc.org\/sq\/vegzat\/","title":{"rendered":"Vegzat"},"content":{"rendered":"\t\t<div data-elementor-type=\"wp-page\" data-elementor-id=\"7679\" class=\"elementor elementor-7679\">\n\t\t\t\t\t\t<section class=\"elementor-section elementor-top-section elementor-element elementor-element-23f342d elementor-section-boxed elementor-section-height-default elementor-section-height-default\" data-id=\"23f342d\" data-element_type=\"section\">\n\t\t\t\t\t\t<div class=\"elementor-container elementor-column-gap-default\">\n\t\t\t\t\t<div class=\"elementor-column elementor-col-100 elementor-top-column elementor-element elementor-element-768a3a8\" data-id=\"768a3a8\" data-element_type=\"column\">\n\t\t\t<div class=\"elementor-widget-wrap elementor-element-populated\">\n\t\t\t\t\t\t<div class=\"elementor-element elementor-element-258968d elementor-widget elementor-widget-html\" data-id=\"258968d\" data-element_type=\"widget\" data-widget_type=\"html.default\">\n\t\t\t\t<div class=\"elementor-widget-container\">\n\t\t\t\t\t<h3>Vegzat<\/h3>\t\t\t\t<\/div>\n\t\t\t\t<\/div>\n\t\t\t\t\t<\/div>\n\t\t<\/div>\n\t\t\t\t\t<\/div>\n\t\t<\/section>\n\t\t\t\t<section class=\"elementor-section elementor-top-section elementor-element elementor-element-e58ffca elementor-section-boxed elementor-section-height-default elementor-section-height-default\" data-id=\"e58ffca\" data-element_type=\"section\">\n\t\t\t\t\t\t<div class=\"elementor-container elementor-column-gap-default\">\n\t\t\t\t\t<div class=\"elementor-column elementor-col-100 elementor-top-column elementor-element elementor-element-3990f20\" data-id=\"3990f20\" data-element_type=\"column\">\n\t\t\t<div class=\"elementor-widget-wrap elementor-element-populated\">\n\t\t\t\t\t\t<div class=\"elementor-element elementor-element-507b312 elementor-widget elementor-widget-html\" data-id=\"507b312\" data-element_type=\"widget\" data-widget_type=\"html.default\">\n\t\t\t\t<div class=\"elementor-widget-container\">\n\t\t\t\t\t<div class=\"linqet-wrapper\">\n<a href=\"http:\/\/www.president-ksgov.net\/\">Presidenti i Republik\u00ebs s\u00eb Kosov\u00ebs<\/a>\n<a href=\"http:\/\/www.kryeministri-ks.net\/\">Zyra e Kryeministrit t\u00eb Kosov\u00ebs<\/a>\n<a href=\"http:\/\/www.kuvendikosoves.org\">Kuvendi i Kosov\u00ebs<\/a>\n<a href=\"http:\/\/www.ks-gov.net\/mshp\/\">Ministria e Administrat\u00ebs Publike<\/a>\n<a href=\"http:\/\/www.md-ks.org\/\">Ministria e Arsimit Shkenc\u00ebs dhe Teknologjis\u00eb<\/a>\n<a href=\"http:\/\/www.md-ks.org\/\">Ministria e Drejt\u00ebsis\u00eb<\/a>\n<a href=\"https:\/\/me.rks-gov.net\/\">Ministria e Ekonomis\u00eb<\/a>\n<a href=\"https:\/\/mf.rks-gov.net\/\">Ministria e  Financave<\/a>\n<a href=\"http:\/\/mksf-ks.org\/\">Ministria e Forc\u00ebs s\u00eb Siguris\u00eb s\u00eb Kosov\u00ebs<\/a>\n<a href=\"http:\/\/www.ks-gov.net\/mmph\/\">Ministria e Mjedisit dhe Planifikimit Hapsinor<\/a>\n<a href=\"http:\/\/www.ks-gov.net\/mapl\/\">Ministria e Pushtetit Lokal<\/a>\n<a href=\"http:\/\/www.mpb-ks.org\/\">Ministria e Pun\u00ebve t\u00eb Brendshme<\/a>\n<a href=\"http:\/\/www.ks-gov.net\/mpj\/\">Ministria e Pun\u00ebve t\u00eb Jashtme<\/a>\n<a href=\"http:\/\/www.mpms-ks.org\/\">Ministria e Pun\u00ebs dhe Mir\u00ebqenies Sociale<\/a>\n<a href=\"http:\/\/www.mshgov-ks.org\/\">Ministria e Sh\u00ebndet\u00ebsis\u00eb<\/a>\n<a href=\"http:\/\/www.ks-gov.net\/mkk\/\">Ministria p\u00ebr Komunitete dhe Kthim<\/a>\n<a href=\"http:\/\/www.mkrs-ks.org\/\">Ministria e Kultur\u00ebs, Rinis\u00eb dhe Sportit<\/a>\n<a href=\"http:\/\/www.mtpt.org\/\">Ministria e Transportit dhe Post\u00eb-Telekomunikacionit<\/a>\n<a href=\"http:\/\/www.mbpzhr-ks.org\/\">Ministria e Bujq\u00ebsis\u00eb, Pylltaris\u00eb dhe Zhvillimit Rural<\/a>\n<a href=\"http:\/\/www.mti-ks.org\/\">Ministria e Tregtis\u00eb dhe Industris\u00eb<\/a>\n<\/div>\t\t\t\t<\/div>\n\t\t\t\t<\/div>\n\t\t\t\t\t<\/div>\n\t\t<\/div>\n\t\t\t\t\t<\/div>\n\t\t<\/section>\n\t\t\t\t<\/div>\n\t\t","protected":false},"excerpt":{"rendered":"<p>Vegzat Presidenti i Republik\u00ebs s\u00eb Kosov\u00ebs Zyra e Kryeministrit t\u00eb Kosov\u00ebs Kuvendi i Kosov\u00ebs Ministria e Administrat\u00ebs Publike Ministria e Arsimit Shkenc\u00ebs dhe Teknologjis\u00eb Ministria e Drejt\u00ebsis\u00eb Ministria e Ekonomis\u00eb Ministria e Financave Ministria e Forc\u00ebs s\u00eb Siguris\u00eb s\u00eb Kosov\u00ebs Ministria e Mjedisit dhe Planifikimit Hapsinor Ministria e Pushtetit Lokal Ministria e Pun\u00ebve t\u00eb Brendshme [&hellip;]<\/p>\n","protected":false},"author":1,"featured_media":0,"parent":0,"menu_order":0,"comment_status":"closed","ping_status":"closed","template":"","meta":{"_sq_post_content":"<h3>Vegzat<\/h3>\t\t\n<a href=\"http:\/\/www.president-ksgov.net\/\">Presidenti i Republik\u00ebs s\u00eb Kosov\u00ebs<\/a>\n<a href=\"http:\/\/www.kryeministri-ks.net\/\">Zyra e Kryeministrit t\u00eb Kosov\u00ebs<\/a>\n<a href=\"http:\/\/www.kuvendikosoves.org\">Kuvendi i Kosov\u00ebs<\/a>\n<a href=\"http:\/\/www.ks-gov.net\/mshp\/\">Ministria e Administrat\u00ebs Publike<\/a>\n<a href=\"http:\/\/www.md-ks.org\/\">Ministria e Arsimit Shkenc\u00ebs dhe Teknologjis\u00eb<\/a>\n<a href=\"http:\/\/www.md-ks.org\/\">Ministria e Drejt\u00ebsis\u00eb<\/a>\n<a href=\"https:\/\/me.rks-gov.net\/\">Ministria e Ekonomis\u00eb<\/a>\n<a href=\"https:\/\/mf.rks-gov.net\/\">Ministria e  Financave<\/a>\n<a href=\"http:\/\/mksf-ks.org\/\">Ministria e Forc\u00ebs s\u00eb Siguris\u00eb s\u00eb Kosov\u00ebs<\/a>\n<a href=\"http:\/\/www.ks-gov.net\/mmph\/\">Ministria e Mjedisit dhe Planifikimit Hapsinor<\/a>\n<a href=\"http:\/\/www.ks-gov.net\/mapl\/\">Ministria e Pushtetit Lokal<\/a>\n<a href=\"http:\/\/www.mpb-ks.org\/\">Ministria e Pun\u00ebve t\u00eb Brendshme<\/a>\n<a href=\"http:\/\/www.ks-gov.net\/mpj\/\">Ministria e Pun\u00ebve t\u00eb Jashtme<\/a>\n<a href=\"http:\/\/www.mpms-ks.org\/\">Ministria e Pun\u00ebs dhe Mir\u00ebqenies Sociale<\/a>\n<a href=\"http:\/\/www.mshgov-ks.org\/\">Ministria e Sh\u00ebndet\u00ebsis\u00eb<\/a>\n<a href=\"http:\/\/www.ks-gov.net\/mkk\/\">Ministria p\u00ebr Komunitete dhe Kthim<\/a>\n<a href=\"http:\/\/www.mkrs-ks.org\/\">Ministria e Kultur\u00ebs, Rinis\u00eb dhe Sportit<\/a>\n<a href=\"http:\/\/www.mtpt.org\/\">Ministria e Transportit dhe Post\u00eb-Telekomunikacionit<\/a>\n<a href=\"http:\/\/www.mbpzhr-ks.org\/\">Ministria e Bujq\u00ebsis\u00eb, Pylltaris\u00eb dhe Zhvillimit Rural<\/a>\n<a href=\"http:\/\/www.mti-ks.org\/\">Ministria e Tregtis\u00eb dhe Industris\u00eb<\/a>","_sq_post_name":"vegzat","_sq_post_excerpt":"","_sq_post_title":"Vegzat","_en_post_content":"","_en_post_name":"","_en_post_excerpt":"","_en_post_title":"","_sr_post_content":"","_sr_post_name":"","_sr_post_excerpt":"","_sr_post_title":"","edit_language":"sq","footnotes":""},"class_list":["post-7679","page","type-page","status-publish","hentry"],"publishpress_future_action":{"enabled":false,"date":"2026-04-13 11:24:53","action":"change-status","newStatus":"draft","terms":[],"taxonomy":"","extraData":[]},"publishpress_future_workflow_manual_trigger":{"enabledWorkflows":[]},"_links":{"self":[{"href":"https:\/\/www.iber-lepenc.org\/sq\/wp-json\/wp\/v2\/pages\/7679","targetHints":{"allow":["GET"]}}],"collection":[{"href":"https:\/\/www.iber-lepenc.org\/sq\/wp-json\/wp\/v2\/pages"}],"about":[{"href":"https:\/\/www.iber-lepenc.org\/sq\/wp-json\/wp\/v2\/types\/page"}],"author":[{"embeddable":true,"href":"https:\/\/www.iber-lepenc.org\/sq\/wp-json\/wp\/v2\/users\/1"}],"replies":[{"embeddable":true,"href":"https:\/\/www.iber-lepenc.org\/sq\/wp-json\/wp\/v2\/comments?post=7679"}],"version-history":[{"count":0,"href":"https:\/\/www.iber-lepenc.org\/sq\/wp-json\/wp\/v2\/pages\/7679\/revisions"}],"wp:attachment":[{"href":"https:\/\/www.iber-lepenc.org\/sq\/wp-json\/wp\/v2\/media?parent=7679"}],"curies":[{"name":"wp","href":"https:\/\/api.w.org\/{rel}","templated":true}]}}