{"id":6936,"date":"2022-11-30T15:34:32","date_gmt":"2022-11-30T15:34:32","guid":{"rendered":"https:\/\/iberlepenci.hajt24.xyz\/?page_id=6936"},"modified":"2022-12-22T15:41:01","modified_gmt":"2022-12-22T15:41:01","slug":"sherbimet","status":"publish","type":"page","link":"https:\/\/www.iber-lepenc.org\/sq\/sherbimet\/","title":{"rendered":"<span key=\"sherbimet\">SH\u00cbRBIMET<\/span>"},"content":{"rendered":"\t\t<div data-elementor-type=\"wp-page\" data-elementor-id=\"6936\" class=\"elementor elementor-6936\">\n\t\t\t\t\t\t<section class=\"elementor-section elementor-top-section elementor-element elementor-element-3874b2a elementor-section-boxed elementor-section-height-default elementor-section-height-default\" data-id=\"3874b2a\" data-element_type=\"section\">\n\t\t\t\t\t\t<div class=\"elementor-container elementor-column-gap-default\">\n\t\t\t\t\t<div class=\"elementor-column elementor-col-100 elementor-top-column elementor-element elementor-element-027381a\" data-id=\"027381a\" data-element_type=\"column\">\n\t\t\t<div class=\"elementor-widget-wrap elementor-element-populated\">\n\t\t\t\t\t\t<div class=\"elementor-element elementor-element-c319558 elementor-widget elementor-widget-html\" data-id=\"c319558\" data-element_type=\"widget\" data-widget_type=\"html.default\">\n\t\t\t\t<div class=\"elementor-widget-container\">\n\t\t\t\t\t<h3 key=\"sherbimet_title\">Sh\u00ebrbimet<\/h3>\t\t\t\t<\/div>\n\t\t\t\t<\/div>\n\t\t\t\t\t<\/div>\n\t\t<\/div>\n\t\t\t\t\t<\/div>\n\t\t<\/section>\n\t\t\t\t<section class=\"elementor-section elementor-top-section elementor-element elementor-element-646f94c elementor-section-boxed elementor-section-height-default elementor-section-height-default\" data-id=\"646f94c\" data-element_type=\"section\">\n\t\t\t\t\t\t<div class=\"elementor-container elementor-column-gap-default\">\n\t\t\t\t\t<div class=\"elementor-column elementor-col-33 elementor-top-column elementor-element elementor-element-4cff7e3\" data-id=\"4cff7e3\" data-element_type=\"column\">\n\t\t\t<div class=\"elementor-widget-wrap elementor-element-populated\">\n\t\t\t\t\t\t<div class=\"elementor-element elementor-element-b5b7f9d elementor-widget elementor-widget-creote-service-box-v1\" data-id=\"b5b7f9d\" data-element_type=\"widget\" data-widget_type=\"creote-service-box-v1.default\">\n\t\t\t\t<div class=\"elementor-widget-container\">\n\t\t\t\t\t<div class=\"service_box style_one dark_color\"   data-aos=\"fade-up\" data-aos-delay=\"0\"  data-aos-offset=\"0\" >\r\n      <div class=\"service_content\">\r\n            <div class=\"image  image_fit \">\r\n         <img decoding=\"async\" src=\"https:\/\/iberlepenci.hajt24.xyz\/wp-content\/uploads\/2022\/12\/07_03_2014_9108559_Liqeni_i_Ujmanit.jpg\" class=\"img-fluid\" alt=\"Service Image\" \/>\r\n      <\/div>\r\n            <div class=\"content_inner\">\r\n                  <h2>\r\n            <a href=\"\/sherbimet\/gjenerimi-i-energjise-elektrike\"   >\r\n            Gjenerimi i energjis\u00eb elektrike<br><br>            <\/a> \r\n         <\/h2>\r\n                                    <a href=\"\/sherbimet\/gjenerimi-i-energjise-elektrike\"    class=\"read_more\">\r\n         Lexoni m\u00eb shum\u00eb         <\/a>\r\n               <\/div>\r\n   <\/div>\r\n   <\/div>\r\n\t\t\t\t<\/div>\n\t\t\t\t<\/div>\n\t\t\t\t\t<\/div>\n\t\t<\/div>\n\t\t\t\t<div class=\"elementor-column elementor-col-33 elementor-top-column elementor-element elementor-element-57b7cd5\" data-id=\"57b7cd5\" data-element_type=\"column\">\n\t\t\t<div class=\"elementor-widget-wrap elementor-element-populated\">\n\t\t\t\t\t\t<div class=\"elementor-element elementor-element-e7e9256 elementor-widget elementor-widget-creote-service-box-v1\" data-id=\"e7e9256\" data-element_type=\"widget\" data-widget_type=\"creote-service-box-v1.default\">\n\t\t\t\t<div class=\"elementor-widget-container\">\n\t\t\t\t\t<div class=\"service_box style_one dark_color\"   data-aos=\"fade-up\" data-aos-delay=\"0\"  data-aos-offset=\"0\" >\r\n      <div class=\"service_content\">\r\n            <div class=\"image  image_fit \">\r\n         <img decoding=\"async\" src=\"https:\/\/iberlepenci.hajt24.xyz\/wp-content\/uploads\/2022\/12\/Dema-095.jpg\" class=\"img-fluid\" alt=\"Service Image\" \/>\r\n      <\/div>\r\n            <div class=\"content_inner\">\r\n                  <h2>\r\n            <a href=\"\/sherbimet\/ujitja-e-tokave-bujqesore\"   >\r\n            Ujitja e tokave bujq\u00ebsore<Br><Br><br>            <\/a> \r\n         <\/h2>\r\n                                    <a href=\"\/sherbimet\/ujitja-e-tokave-bujqesore\"    class=\"read_more\">\r\n         LEXO M\u00cb SHUME         <\/a>\r\n               <\/div>\r\n   <\/div>\r\n   <\/div>\r\n\t\t\t\t<\/div>\n\t\t\t\t<\/div>\n\t\t\t\t\t<\/div>\n\t\t<\/div>\n\t\t\t\t<div class=\"elementor-column elementor-col-33 elementor-top-column elementor-element elementor-element-755a0a6\" data-id=\"755a0a6\" data-element_type=\"column\">\n\t\t\t<div class=\"elementor-widget-wrap elementor-element-populated\">\n\t\t\t\t\t\t<div class=\"elementor-element elementor-element-b5c328e elementor-widget elementor-widget-creote-service-box-v1\" data-id=\"b5c328e\" data-element_type=\"widget\" data-widget_type=\"creote-service-box-v1.default\">\n\t\t\t\t<div class=\"elementor-widget-container\">\n\t\t\t\t\t<div class=\"service_box style_one dark_color\"   data-aos=\"fade-up\" data-aos-delay=\"0\"  data-aos-offset=\"0\" >\r\n      <div class=\"service_content\">\r\n            <div class=\"image  image_fit \">\r\n         <img decoding=\"async\" src=\"https:\/\/iberlepenci.hajt24.xyz\/wp-content\/uploads\/2022\/12\/GAUFF_Engineering_20200507_Content04.jpg\" class=\"img-fluid\" alt=\"Service Image\" \/>\r\n      <\/div>\r\n            <div class=\"content_inner\">\r\n                  <h2>\r\n            <a href=\"\/sherbimet\/furnizimi-me-uje-te-paperpunuar\"   >\r\n            <h3>Furnizimi me uj\u00eb t\u00eb pap\u00ebrpunuar<br><Br><\/h3>            <\/a> \r\n         <\/h2>\r\n                                    <a href=\"\/sherbimet\/furnizimi-me-uje-te-paperpunuar\"    class=\"read_more\">\r\n         <span>Lexoni m\u00eb shum\u00eb<\/span>         <\/a>\r\n               <\/div>\r\n   <\/div>\r\n   <\/div>\r\n\t\t\t\t<\/div>\n\t\t\t\t<\/div>\n\t\t\t\t\t<\/div>\n\t\t<\/div>\n\t\t\t\t\t<\/div>\n\t\t<\/section>\n\t\t\t\t<\/div>\n\t\t","protected":false},"excerpt":{"rendered":"<p>Sh\u00ebrbimet Gjenerimi i energjis\u00eb elektrike Lexoni m\u00eb shum\u00eb Ujitja e tokave bujq\u00ebsore LEXO M\u00cb SHUME Furnizimi me uj\u00eb t\u00eb pap\u00ebrpunuar Lexoni m\u00eb shum\u00eb<\/p>\n","protected":false},"author":1,"featured_media":0,"parent":0,"menu_order":0,"comment_status":"closed","ping_status":"closed","template":"","meta":{"_sq_post_content":"<h3 key=\"sherbimet_title\">Sh\u00ebrbimet<\/h3>\t\t\n         <img src=\"https:\/\/iberlepenci.hajt24.xyz\/wp-content\/uploads\/2022\/12\/07_03_2014_9108559_Liqeni_i_Ujmanit.jpg\" alt=\"Service Image\" \/>\n                  <h2>\n            <a href=\"\/sherbimet\/gjenerimi-i-energjise-elektrike\"   >\n            Gjenerimi i energjis\u00eb elektrike<br><br>            <\/a> \n         <\/h2>\n                                    <a href=\"\/sherbimet\/gjenerimi-i-energjise-elektrike\"   >\n         Lexoni m\u00eb shum\u00eb         <\/a>\n         <img src=\"https:\/\/iberlepenci.hajt24.xyz\/wp-content\/uploads\/2022\/12\/Dema-095.jpg\" alt=\"Service Image\" \/>\n                  <h2>\n            <a href=\"\/sherbimet\/ujitja-e-tokave-bujqesore\"   >\n            Ujitja e tokave bujq\u00ebsore<Br><Br><br>            <\/a> \n         <\/h2>\n                                    <a href=\"\/sherbimet\/ujitja-e-tokave-bujqesore\"   >\n         LEXO M\u00cb SHUME         <\/a>\n         <img src=\"https:\/\/iberlepenci.hajt24.xyz\/wp-content\/uploads\/2022\/12\/GAUFF_Engineering_20200507_Content04.jpg\" alt=\"Service Image\" \/>\n                  <h2>\n            <a href=\"\/sherbimet\/furnizimi-me-uje-te-paperpunuar\"   >\n            <h3>Furnizimi me uj\u00eb t\u00eb pap\u00ebrpunuar<br><Br><\/h3>            <\/a> \n         <\/h2>\n                                    <a href=\"\/sherbimet\/furnizimi-me-uje-te-paperpunuar\"   >\n         Lexoni m\u00eb shum\u00eb         <\/a>","_sq_post_name":"sherbimet","_sq_post_excerpt":"","_sq_post_title":"<span key=\"sherbimet\">SH\u00cbRBIMET<\/span>","_en_post_content":"","_en_post_name":"","_en_post_excerpt":"","_en_post_title":"","_sr_post_content":"","_sr_post_name":"","_sr_post_excerpt":"","_sr_post_title":"","edit_language":"sq","footnotes":""},"class_list":["post-6936","page","type-page","status-publish","hentry"],"publishpress_future_action":{"enabled":false,"date":"2026-04-12 06:09:12","action":"change-status","newStatus":"draft","terms":[],"taxonomy":"","extraData":[]},"publishpress_future_workflow_manual_trigger":{"enabledWorkflows":[]},"_links":{"self":[{"href":"https:\/\/www.iber-lepenc.org\/sq\/wp-json\/wp\/v2\/pages\/6936","targetHints":{"allow":["GET"]}}],"collection":[{"href":"https:\/\/www.iber-lepenc.org\/sq\/wp-json\/wp\/v2\/pages"}],"about":[{"href":"https:\/\/www.iber-lepenc.org\/sq\/wp-json\/wp\/v2\/types\/page"}],"author":[{"embeddable":true,"href":"https:\/\/www.iber-lepenc.org\/sq\/wp-json\/wp\/v2\/users\/1"}],"replies":[{"embeddable":true,"href":"https:\/\/www.iber-lepenc.org\/sq\/wp-json\/wp\/v2\/comments?post=6936"}],"version-history":[{"count":0,"href":"https:\/\/www.iber-lepenc.org\/sq\/wp-json\/wp\/v2\/pages\/6936\/revisions"}],"wp:attachment":[{"href":"https:\/\/www.iber-lepenc.org\/sq\/wp-json\/wp\/v2\/media?parent=6936"}],"curies":[{"name":"wp","href":"https:\/\/api.w.org\/{rel}","templated":true}]}}