{"id":6735,"date":"2022-11-25T08:54:07","date_gmt":"2022-11-25T08:54:07","guid":{"rendered":"https:\/\/iberlepenci.hajt24.xyz\/?page_id=6735"},"modified":"2022-12-21T15:36:24","modified_gmt":"2022-12-21T15:36:24","slug":"infrastruktura","status":"publish","type":"page","link":"https:\/\/www.iber-lepenc.org\/sq\/per-ne\/infrastruktura\/","title":{"rendered":"<span key=\"infrastruktura\">INFRASTRUKTURA<\/span>"},"content":{"rendered":"\t\t<div data-elementor-type=\"wp-page\" data-elementor-id=\"6735\" class=\"elementor elementor-6735\">\n\t\t\t\t\t\t<section class=\"elementor-section elementor-top-section elementor-element elementor-element-7d0713c elementor-section-boxed elementor-section-height-default elementor-section-height-default\" data-id=\"7d0713c\" data-element_type=\"section\">\n\t\t\t\t\t\t<div class=\"elementor-container elementor-column-gap-default\">\n\t\t\t\t\t<div class=\"elementor-column elementor-col-100 elementor-top-column elementor-element elementor-element-b5f75c7\" data-id=\"b5f75c7\" data-element_type=\"column\">\n\t\t\t<div class=\"elementor-widget-wrap elementor-element-populated\">\n\t\t\t\t\t\t<div class=\"elementor-element elementor-element-5ba66d4 elementor-widget elementor-widget-html\" data-id=\"5ba66d4\" data-element_type=\"widget\" data-widget_type=\"html.default\">\n\t\t\t\t<div class=\"elementor-widget-container\">\n\t\t\t\t\t<h2 key=\"infrastruktura_title\">Infrastruktura<\/h2>\t\t\t\t<\/div>\n\t\t\t\t<\/div>\n\t\t\t\t<div class=\"elementor-element elementor-element-be7f205 elementor-widget elementor-widget-html\" data-id=\"be7f205\" data-element_type=\"widget\" data-widget_type=\"html.default\">\n\t\t\t\t<div class=\"elementor-widget-container\">\n\t\t\t\t\t<div key=\"infrastruktura_dcp\" class=\"pd-3-left\">\n    <ul>\n        <li>Objektet e Nd\u00ebrmarrjes shtrihen n\u00eb territoret e \n        7 komunave dhe at\u00eb:Z. Potok, Mitrovic\u00eb, Vushtrri, \n        Obiliq, Prishtin\u00eb, Fush\u00eb Kosov\u00eb dhe Drenas<\/li>\n<li>Penda Ujman me lart\u00ebsin h=107.5 m<\/li>\n<li>Akumulimi Ujman 375 milion m\u00b3<\/li>\n<li>Hidrocentrali Ujman 2 x 17.5 MW<\/li>\n<li>Penda Pridvoric\u00eb me lart\u00ebsin h=10 m<\/li>\n<li>Akumulimi Pridvoric\u00eb 480,000 m\u00b3<\/li>\n<li>Kanale kryesore 146 km<\/li>\n<li>Stacione Pompike p\u00ebr ujitje 14<\/li>\n<li>Objekte Ndar\u00ebse 4<\/li>\n<li>Rrjeti n\u00ebntok\u00ebsor p\u00ebr ujitje 766 km<\/li>\n<li>Rreth 120 km largp\u00ebr\u00e7ues.<\/li>\n    <\/ul>\n<\/div>\t\t\t\t<\/div>\n\t\t\t\t<\/div>\n\t\t\t\t<div class=\"elementor-element elementor-element-5629255 elementor-share-buttons--view-icon elementor-share-buttons--skin-minimal elementor-share-buttons--shape-circle elementor-share-buttons--align-left elementor-grid-0 elementor-share-buttons--color-official elementor-widget elementor-widget-share-buttons\" data-id=\"5629255\" data-element_type=\"widget\" data-widget_type=\"share-buttons.default\">\n\t\t\t\t<div class=\"elementor-widget-container\">\n\t\t\t\t\t\t\t<div class=\"elementor-grid\">\n\t\t\t\t\t\t\t\t<div class=\"elementor-grid-item\">\n\t\t\t\t\t\t<div\n\t\t\t\t\t\t\tclass=\"elementor-share-btn elementor-share-btn_facebook\"\n\t\t\t\t\t\t\trole=\"button\"\n\t\t\t\t\t\t\ttabindex=\"0\"\n\t\t\t\t\t\t\taria-label=\"Share on facebook\"\n\t\t\t\t\t\t>\n\t\t\t\t\t\t\t\t\t\t\t\t\t\t\t<span class=\"elementor-share-btn__icon\">\n\t\t\t\t\t\t\t\t<i class=\"fab fa-facebook\" aria-hidden=\"true\"><\/i>\t\t\t\t\t\t\t<\/span>\n\t\t\t\t\t\t\t\t\t\t\t\t\t\t\t\t\t\t\t\t<\/div>\n\t\t\t\t\t<\/div>\n\t\t\t\t\t\t\t\t\t<div class=\"elementor-grid-item\">\n\t\t\t\t\t\t<div\n\t\t\t\t\t\t\tclass=\"elementor-share-btn elementor-share-btn_twitter\"\n\t\t\t\t\t\t\trole=\"button\"\n\t\t\t\t\t\t\ttabindex=\"0\"\n\t\t\t\t\t\t\taria-label=\"Share on twitter\"\n\t\t\t\t\t\t>\n\t\t\t\t\t\t\t\t\t\t\t\t\t\t\t<span class=\"elementor-share-btn__icon\">\n\t\t\t\t\t\t\t\t<i class=\"fab fa-twitter\" aria-hidden=\"true\"><\/i>\t\t\t\t\t\t\t<\/span>\n\t\t\t\t\t\t\t\t\t\t\t\t\t\t\t\t\t\t\t\t<\/div>\n\t\t\t\t\t<\/div>\n\t\t\t\t\t\t\t\t\t<div class=\"elementor-grid-item\">\n\t\t\t\t\t\t<div\n\t\t\t\t\t\t\tclass=\"elementor-share-btn elementor-share-btn_linkedin\"\n\t\t\t\t\t\t\trole=\"button\"\n\t\t\t\t\t\t\ttabindex=\"0\"\n\t\t\t\t\t\t\taria-label=\"Share on linkedin\"\n\t\t\t\t\t\t>\n\t\t\t\t\t\t\t\t\t\t\t\t\t\t\t<span class=\"elementor-share-btn__icon\">\n\t\t\t\t\t\t\t\t<i class=\"fab fa-linkedin\" aria-hidden=\"true\"><\/i>\t\t\t\t\t\t\t<\/span>\n\t\t\t\t\t\t\t\t\t\t\t\t\t\t\t\t\t\t\t\t<\/div>\n\t\t\t\t\t<\/div>\n\t\t\t\t\t\t\t\t\t<div class=\"elementor-grid-item\">\n\t\t\t\t\t\t<div\n\t\t\t\t\t\t\tclass=\"elementor-share-btn elementor-share-btn_whatsapp\"\n\t\t\t\t\t\t\trole=\"button\"\n\t\t\t\t\t\t\ttabindex=\"0\"\n\t\t\t\t\t\t\taria-label=\"Share on whatsapp\"\n\t\t\t\t\t\t>\n\t\t\t\t\t\t\t\t\t\t\t\t\t\t\t<span class=\"elementor-share-btn__icon\">\n\t\t\t\t\t\t\t\t<i class=\"fab fa-whatsapp\" aria-hidden=\"true\"><\/i>\t\t\t\t\t\t\t<\/span>\n\t\t\t\t\t\t\t\t\t\t\t\t\t\t\t\t\t\t\t\t<\/div>\n\t\t\t\t\t<\/div>\n\t\t\t\t\t\t\t\t\t<div class=\"elementor-grid-item\">\n\t\t\t\t\t\t<div\n\t\t\t\t\t\t\tclass=\"elementor-share-btn elementor-share-btn_email\"\n\t\t\t\t\t\t\trole=\"button\"\n\t\t\t\t\t\t\ttabindex=\"0\"\n\t\t\t\t\t\t\taria-label=\"Share on email\"\n\t\t\t\t\t\t>\n\t\t\t\t\t\t\t\t\t\t\t\t\t\t\t<span class=\"elementor-share-btn__icon\">\n\t\t\t\t\t\t\t\t<i class=\"fas fa-envelope\" aria-hidden=\"true\"><\/i>\t\t\t\t\t\t\t<\/span>\n\t\t\t\t\t\t\t\t\t\t\t\t\t\t\t\t\t\t\t\t<\/div>\n\t\t\t\t\t<\/div>\n\t\t\t\t\t\t<\/div>\n\t\t\t\t\t\t<\/div>\n\t\t\t\t<\/div>\n\t\t\t\t\t<\/div>\n\t\t<\/div>\n\t\t\t\t\t<\/div>\n\t\t<\/section>\n\t\t\t\t<\/div>\n\t\t","protected":false},"excerpt":{"rendered":"<p>Infrastruktura Objektet e Nd\u00ebrmarrjes shtrihen n\u00eb territoret e 7 komunave dhe at\u00eb:Z. Potok, Mitrovic\u00eb, Vushtrri, Obiliq, Prishtin\u00eb, Fush\u00eb Kosov\u00eb dhe Drenas Penda Ujman me lart\u00ebsin h=107.5 m Akumulimi Ujman 375 milion m\u00b3 Hidrocentrali Ujman 2 x 17.5 MW Penda Pridvoric\u00eb me lart\u00ebsin h=10 m Akumulimi Pridvoric\u00eb 480,000 m\u00b3 Kanale kryesore 146 km Stacione Pompike p\u00ebr [&hellip;]<\/p>\n","protected":false},"author":1,"featured_media":0,"parent":6413,"menu_order":0,"comment_status":"closed","ping_status":"closed","template":"","meta":{"_sq_post_content":"<h2 key=\"infrastruktura_title\">Infrastruktura<\/h2>\t\t\n    <ul>\n        <li>Objektet e Nd\u00ebrmarrjes shtrihen n\u00eb territoret e \n        7 komunave dhe at\u00eb:Z. Potok, Mitrovic\u00eb, Vushtrri, \n        Obiliq, Prishtin\u00eb, Fush\u00eb Kosov\u00eb dhe Drenas<\/li>\n<li>Penda Ujman me lart\u00ebsin h=107.5 m<\/li>\n<li>Akumulimi Ujman 375 milion m\u00b3<\/li>\n<li>Hidrocentrali Ujman 2 x 17.5 MW<\/li>\n<li>Penda Pridvoric\u00eb me lart\u00ebsin h=10 m<\/li>\n<li>Akumulimi Pridvoric\u00eb 480,000 m\u00b3<\/li>\n<li>Kanale kryesore 146 km<\/li>\n<li>Stacione Pompike p\u00ebr ujitje 14<\/li>\n<li>Objekte Ndar\u00ebse 4<\/li>\n<li>Rrjeti n\u00ebntok\u00ebsor p\u00ebr ujitje 766 km<\/li>\n<li>Rreth 120 km largp\u00ebr\u00e7ues.<\/li>\n    <\/ul>\n\t\t\t<link rel=\"stylesheet\" href=\"https:\/\/iberlepenci.hajt24.xyz\/wp-content\/plugins\/elementor-pro\/assets\/css\/widget-share-buttons.min.css\">","_sq_post_name":"infrastruktura","_sq_post_excerpt":"","_sq_post_title":"<span key=\"infrastruktura\">INFRASTRUKTURA<\/span>","_en_post_content":"","_en_post_name":"","_en_post_excerpt":"","_en_post_title":"","_sr_post_content":"","_sr_post_name":"","_sr_post_excerpt":"","_sr_post_title":"","edit_language":"sq","footnotes":""},"class_list":["post-6735","page","type-page","status-publish","hentry"],"publishpress_future_action":{"enabled":false,"date":"2026-04-11 16:45:33","action":"change-status","newStatus":"draft","terms":[],"taxonomy":"","extraData":[]},"publishpress_future_workflow_manual_trigger":{"enabledWorkflows":[]},"_links":{"self":[{"href":"https:\/\/www.iber-lepenc.org\/sq\/wp-json\/wp\/v2\/pages\/6735","targetHints":{"allow":["GET"]}}],"collection":[{"href":"https:\/\/www.iber-lepenc.org\/sq\/wp-json\/wp\/v2\/pages"}],"about":[{"href":"https:\/\/www.iber-lepenc.org\/sq\/wp-json\/wp\/v2\/types\/page"}],"author":[{"embeddable":true,"href":"https:\/\/www.iber-lepenc.org\/sq\/wp-json\/wp\/v2\/users\/1"}],"replies":[{"embeddable":true,"href":"https:\/\/www.iber-lepenc.org\/sq\/wp-json\/wp\/v2\/comments?post=6735"}],"version-history":[{"count":0,"href":"https:\/\/www.iber-lepenc.org\/sq\/wp-json\/wp\/v2\/pages\/6735\/revisions"}],"up":[{"embeddable":true,"href":"https:\/\/www.iber-lepenc.org\/sq\/wp-json\/wp\/v2\/pages\/6413"}],"wp:attachment":[{"href":"https:\/\/www.iber-lepenc.org\/sq\/wp-json\/wp\/v2\/media?parent=6735"}],"curies":[{"name":"wp","href":"https:\/\/api.w.org\/{rel}","templated":true}]}}