{"id":6413,"date":"2022-11-23T15:36:57","date_gmt":"2022-11-23T15:36:57","guid":{"rendered":"https:\/\/iberlepenci.hajt24.xyz\/?page_id=6413"},"modified":"2024-10-11T09:25:09","modified_gmt":"2024-10-11T09:25:09","slug":"per-ne","status":"publish","type":"page","link":"https:\/\/www.iber-lepenc.org\/sq\/per-ne\/","title":{"rendered":"<span key=\"menu_per_ne\">P\u00cbR NE<\/span>"},"content":{"rendered":"<h2>Nd\u00ebrmarrja<br \/>\nHidroekonomike<\/h2>\n<p><img decoding=\"async\" src=\"https:\/\/iberlepenci.hajt24.xyz\/wp-content\/uploads\/2022\/11\/Jezero_Gazivode-scaled.jpg\" alt=\"image\"><\/p>\n<p>Nd\u00ebrmarrja Hidroekonomike \u201cIb\u00ebr-Lepenc\u201d Sh. A. me seli n\u00eb Prishtin\u00eb \u00ebsht\u00eb nd\u00ebrmarrje shum\u00ebfunksionale e cila furnizon industrin\u00eb, uj\u00ebsjell\u00ebsit dhe bujq\u00ebsin\u00eb me uj\u00eb t\u00eb pap\u00ebrpunuar si dhe prodhon energji elektrike nga Hidrocentrali i Ujmanit.<\/p>\n<ul>\n<li>N.P.H \u201cIb\u00ebr-Lepenc\u201d \u00ebsht\u00eb themeluar me Vendimin e Kuvendit t\u00eb Kosov\u00ebs me 28 Shkurt 1967, me seli n\u00eb Prishtin\u00eb.<\/li>\n<li>Nd\u00ebrmarrja \u00ebsht\u00eb konstituar n\u00eb vitin 1986 si Nd\u00ebrmarrje shoq\u00ebrore me q\u00ebllim t\u00eb operimit dhe mir\u00ebmbajtjes t\u00eb infrastruktur\u00ebs t\u00eb k\u00ebtij sistemi shumfunksional.<\/li>\n<li>Nd\u00ebrtimi i k\u00ebtij sistemi \u00ebsht\u00eb parapar\u00eb t\u00eb b\u00ebhet n\u00eb dy faza:<\/li>\n<ul>\n<li>\u2013 IBRI ( ka p\u00ebrfunduar n\u00eb vitin 1986 )<\/li>\n<li>\u2013 LEPENCI (nuk \u00ebsht\u00eb realizuar)<\/li>\n<\/ul>\n<li>Nd\u00ebrkaq kjo Nd\u00ebrmarrje q\u00eb nga pas lufta  \u00ebsht\u00eb transformuar n\u00eb Nd\u00ebrmarrje Publike N.H.&#8221;Ib\u00ebr-Lepenc&#8221; nga UNMIK-u.<\/li>\n<li>Pas Korporatizimit t\u00eb Nd\u00ebrrmarjes, m\u00eb 01\/01\/2008, Nd\u00ebrmarrja \u00ebsht\u00eb sh\u00ebnd\u00ebrruar n\u00eb Nd\u00ebrrmarje Hidro-Ekonomike \u201cIb\u00ebr-Lepenc\u201d Sh. a.<\/li>\n<li>Nd\u00ebrmarrja \u00ebsht\u00eb Shoq\u00ebri Aksionare n\u00eb pron\u00ebsi 100% t\u00eb Qeveris\u00eb s\u00eb Kosov\u00ebs.<\/li>\n<\/ul>\n<link rel=\"stylesheet\" href=\"https:\/\/iberlepenci.hajt24.xyz\/wp-content\/plugins\/elementor-pro\/assets\/css\/widget-share-buttons.min.css\">\n","protected":false},"excerpt":{"rendered":"<p>Nd\u00ebrmarrja Hidroekonomike Nd\u00ebrmarrja Hidroekonomike \u201cIb\u00ebr-Lepenc\u201d Sh. A. me seli n\u00eb Prishtin\u00eb \u00ebsht\u00eb nd\u00ebrmarrje shum\u00ebfunksionale e cila furnizon industrin\u00eb, uj\u00ebsjell\u00ebsit dhe bujq\u00ebsin\u00eb me uj\u00eb t\u00eb pap\u00ebrpunuar si dhe prodhon energji elektrike nga Hidrocentrali i Ujmanit. N.P.H \u201cIb\u00ebr-Lepenc\u201d \u00ebsht\u00eb themeluar me Vendimin e Kuvendit t\u00eb Kosov\u00ebs me 28 Shkurt 1967, me seli n\u00eb Prishtin\u00eb. Nd\u00ebrmarrja \u00ebsht\u00eb konstituar [&hellip;]<\/p>\n","protected":false},"author":1,"featured_media":0,"parent":0,"menu_order":0,"comment_status":"closed","ping_status":"closed","template":"","meta":{"_sq_post_content":"<h2>Nd\u00ebrmarrja\nHidroekonomike<\/h2>\n<img src=\"https:\/\/iberlepenci.hajt24.xyz\/wp-content\/uploads\/2022\/11\/Jezero_Gazivode-scaled.jpg\" alt=\"image\">\n\nNd\u00ebrmarrja Hidroekonomike \u201cIb\u00ebr-Lepenc\u201d Sh. A. me seli n\u00eb Prishtin\u00eb \u00ebsht\u00eb nd\u00ebrmarrje shum\u00ebfunksionale e cila furnizon industrin\u00eb, uj\u00ebsjell\u00ebsit dhe bujq\u00ebsin\u00eb me uj\u00eb t\u00eb pap\u00ebrpunuar si dhe prodhon energji elektrike nga Hidrocentrali i Ujmanit.\n<ul>\n \t<li>N.P.H \u201cIb\u00ebr-Lepenc\u201d \u00ebsht\u00eb themeluar me Vendimin e Kuvendit t\u00eb Kosov\u00ebs me 28 Shkurt 1967, me seli n\u00eb Prishtin\u00eb.<\/li>\n \t<li>Nd\u00ebrmarrja \u00ebsht\u00eb konstituar n\u00eb vitin 1986 si Nd\u00ebrmarrje shoq\u00ebrore me q\u00ebllim t\u00eb operimit dhe mir\u00ebmbajtjes t\u00eb infrastruktur\u00ebs t\u00eb k\u00ebtij sistemi shumfunksional.<\/li>\n \t<li>Nd\u00ebrtimi i k\u00ebtij sistemi \u00ebsht\u00eb parapar\u00eb t\u00eb b\u00ebhet n\u00eb dy faza:<\/li>\n<ul>\n \t<li>\u2013 IBRI ( ka p\u00ebrfunduar n\u00eb vitin 1986 )<\/li>\n \t<li>\u2013 LEPENCI (nuk \u00ebsht\u00eb realizuar)<\/li>\n<\/ul>\n \t<li>Nd\u00ebrkaq kjo Nd\u00ebrmarrje q\u00eb nga pas lufta  \u00ebsht\u00eb transformuar n\u00eb Nd\u00ebrmarrje Publike N.H.\"Ib\u00ebr-Lepenc\" nga UNMIK-u.<\/li>\n \t<li>Pas Korporatizimit t\u00eb Nd\u00ebrrmarjes, m\u00eb 01\/01\/2008, Nd\u00ebrmarrja \u00ebsht\u00eb sh\u00ebnd\u00ebrruar n\u00eb Nd\u00ebrrmarje Hidro-Ekonomike \u201cIb\u00ebr-Lepenc\u201d Sh. a.<\/li>\n \t<li>Nd\u00ebrmarrja \u00ebsht\u00eb Shoq\u00ebri Aksionare n\u00eb pron\u00ebsi 100% t\u00eb Qeveris\u00eb s\u00eb Kosov\u00ebs.<\/li>\n<\/ul>\n \t<link rel=\"stylesheet\" href=\"https:\/\/iberlepenci.hajt24.xyz\/wp-content\/plugins\/elementor-pro\/assets\/css\/widget-share-buttons.min.css\">","_sq_post_name":"per-ne","_sq_post_excerpt":"","_sq_post_title":"<span key=\"menu_per_ne\">P\u00cbR NE<\/span>","_en_post_content":"","_en_post_name":"","_en_post_excerpt":"","_en_post_title":"","_sr_post_content":"","_sr_post_name":"","_sr_post_excerpt":"","_sr_post_title":"","edit_language":"sq","footnotes":""},"class_list":["post-6413","page","type-page","status-publish","hentry"],"publishpress_future_action":{"enabled":false,"date":"2026-04-12 05:56:30","action":"change-status","newStatus":"draft","terms":[],"taxonomy":"","extraData":[]},"publishpress_future_workflow_manual_trigger":{"enabledWorkflows":[]},"_links":{"self":[{"href":"https:\/\/www.iber-lepenc.org\/sq\/wp-json\/wp\/v2\/pages\/6413","targetHints":{"allow":["GET"]}}],"collection":[{"href":"https:\/\/www.iber-lepenc.org\/sq\/wp-json\/wp\/v2\/pages"}],"about":[{"href":"https:\/\/www.iber-lepenc.org\/sq\/wp-json\/wp\/v2\/types\/page"}],"author":[{"embeddable":true,"href":"https:\/\/www.iber-lepenc.org\/sq\/wp-json\/wp\/v2\/users\/1"}],"replies":[{"embeddable":true,"href":"https:\/\/www.iber-lepenc.org\/sq\/wp-json\/wp\/v2\/comments?post=6413"}],"version-history":[{"count":1,"href":"https:\/\/www.iber-lepenc.org\/sq\/wp-json\/wp\/v2\/pages\/6413\/revisions"}],"predecessor-version":[{"id":10275,"href":"https:\/\/www.iber-lepenc.org\/sq\/wp-json\/wp\/v2\/pages\/6413\/revisions\/10275"}],"wp:attachment":[{"href":"https:\/\/www.iber-lepenc.org\/sq\/wp-json\/wp\/v2\/media?parent=6413"}],"curies":[{"name":"wp","href":"https:\/\/api.w.org\/{rel}","templated":true}]}}