{"id":6330,"date":"2022-11-23T12:21:27","date_gmt":"2022-11-23T12:21:27","guid":{"rendered":"https:\/\/iberlepenci.hajt24.xyz\/?page_id=6330"},"modified":"2022-12-25T20:57:02","modified_gmt":"2022-12-25T20:57:02","slug":"historiku","status":"publish","type":"page","link":"https:\/\/www.iber-lepenc.org\/sq\/per-ne\/historiku\/","title":{"rendered":"<span key=\"historiku\">HISTORIKU<\/span>"},"content":{"rendered":"\t\t<div data-elementor-type=\"wp-page\" data-elementor-id=\"6330\" class=\"elementor elementor-6330\">\n\t\t\t\t\t\t<section class=\"elementor-section elementor-top-section elementor-element elementor-element-9dbb98a elementor-section-boxed elementor-section-height-default elementor-section-height-default\" data-id=\"9dbb98a\" data-element_type=\"section\">\n\t\t\t\t\t\t<div class=\"elementor-container elementor-column-gap-default\">\n\t\t\t\t\t<div class=\"elementor-column elementor-col-100 elementor-top-column elementor-element elementor-element-8a10ac4\" data-id=\"8a10ac4\" data-element_type=\"column\">\n\t\t\t<div class=\"elementor-widget-wrap elementor-element-populated\">\n\t\t\t\t\t\t<div class=\"elementor-element elementor-element-e6956ea elementor-widget elementor-widget-html\" data-id=\"e6956ea\" data-element_type=\"widget\" data-widget_type=\"html.default\">\n\t\t\t\t<div class=\"elementor-widget-container\">\n\t\t\t\t\t<h2 key=\"historiku_ndermarrjes\">Historiku i<Br> Nd\u00ebrmarrjes<\/h2>\t\t\t\t<\/div>\n\t\t\t\t<\/div>\n\t\t\t\t<div class=\"elementor-element elementor-element-8e6891b elementor-widget elementor-widget-html\" data-id=\"8e6891b\" data-element_type=\"widget\" data-widget_type=\"html.default\">\n\t\t\t\t<div class=\"elementor-widget-container\">\n\t\t\t\t\t<p style=\"margin-bottom:0\" key=\"historiku_dcp_strong\"><strong>NH \u201cIb\u00ebr-Lepenc\u201d Sh. A. me seli n\u00eb Prishtin\u00eb \u00ebsht\u00eb nd\u00ebrmarrje shum\u00ebfunksionale e cila furnizon industrin\u00eb, uj\u00ebsjell\u00ebsit dhe bujq\u00ebsin\u00eb me uj\u00eb t\u00eb pap\u00ebrpunuar si dhe prodhon energji elektrike nga Hidrocentrali i Ujmanit.<\/strong><\/p>\t\t\t\t<\/div>\n\t\t\t\t<\/div>\n\t\t\t\t<div class=\"elementor-element elementor-element-9573b0d elementor-widget elementor-widget-html\" data-id=\"9573b0d\" data-element_type=\"widget\" data-widget_type=\"html.default\">\n\t\t\t\t<div class=\"elementor-widget-container\">\n\t\t\t\t\t<div class=\"pd-3-left\" key=\"historiku_dcp\">\n<UL>\n    <li>N.P.H ,,Ib\u00ebr-Lepenc\u201d \u00ebsht\u00eb themeluar me Vendimin e Kuvendit t\u00eb Kosov\u00ebs me 28 Shkurt 1967, me seli n\u00eb Prishtin\u00eb.<\/li>\n<li>Nd\u00ebrmarrja \u00ebsht\u00eb konstituar n\u00eb vitin 1986 si Nd\u00ebrmarrje shoq\u00ebrore me q\u00ebllim t\u00eb operimit dhe mir\u00ebmbajtjes t\u00eb infrastruktur\u00ebs t\u00eb k\u00ebtij sistemi shumfunksional.<\/li>\n<li>Nd\u00ebrtimi i k\u00ebtij sistemi \u00ebsht\u00eb parapar\u00eb t\u00eb b\u00ebhet n\u00eb dy faza:<\/li>\n<ul>\n   <li> IBRI ( ka p\u00ebrfunduar n\u00eb vitin 1986 )<\/li>\n   <li> LEPENCI (nuk \u00ebsht\u00eb realizuar)<\/li>\n<\/ul>\n<li>Nd\u00ebrkaq kjo Nd\u00ebrmarrje q\u00eb nga pas lufta  \u00ebsht\u00eb transformuar n\u00eb Nd\u00ebrmarrje Publike N.H.,,Ib\u00ebr-Lepenc\u201d nga UNMIK-u.<\/li>\n<li>Pas Korporatizimit t\u00eb Nd\u00ebrrmarjes, m\u00eb 01\/01\/2008, Nd\u00ebrmarrja \u00ebsht\u00eb sh\u00ebnd\u00ebrruar n\u00eb Nd\u00ebrrmarje Hidro-Ekonomike \u201cIb\u00ebr-Lepenc\u201d Sh. a.<\/li>\n<li>Nd\u00ebrmarrja \u00ebsht\u00eb Shoq\u00ebri Aksionare n\u00eb pron\u00ebsi 100% t\u00eb Qeveris\u00eb s\u00eb Kosov\u00ebs.<\/li>\n<\/UL>\n<\/div>\t\t\t\t<\/div>\n\t\t\t\t<\/div>\n\t\t\t\t\t<\/div>\n\t\t<\/div>\n\t\t\t\t\t<\/div>\n\t\t<\/section>\n\t\t\t\t<section class=\"elementor-section elementor-top-section elementor-element elementor-element-fb8dd3f elementor-section-boxed elementor-section-height-default elementor-section-height-default\" data-id=\"fb8dd3f\" data-element_type=\"section\">\n\t\t\t\t\t\t<div class=\"elementor-container elementor-column-gap-default\">\n\t\t\t\t\t<div class=\"elementor-column elementor-col-100 elementor-top-column elementor-element elementor-element-e347bb8\" data-id=\"e347bb8\" data-element_type=\"column\">\n\t\t\t<div class=\"elementor-widget-wrap elementor-element-populated\">\n\t\t\t\t\t\t<div class=\"elementor-element elementor-element-8ba5369 elementor-share-buttons--view-icon elementor-share-buttons--skin-minimal elementor-share-buttons--shape-circle elementor-share-buttons--align-left elementor-grid-0 elementor-share-buttons--color-official elementor-widget elementor-widget-share-buttons\" data-id=\"8ba5369\" data-element_type=\"widget\" data-widget_type=\"share-buttons.default\">\n\t\t\t\t<div class=\"elementor-widget-container\">\n\t\t\t\t\t\t\t<div class=\"elementor-grid\">\n\t\t\t\t\t\t\t\t<div class=\"elementor-grid-item\">\n\t\t\t\t\t\t<div\n\t\t\t\t\t\t\tclass=\"elementor-share-btn elementor-share-btn_facebook\"\n\t\t\t\t\t\t\trole=\"button\"\n\t\t\t\t\t\t\ttabindex=\"0\"\n\t\t\t\t\t\t\taria-label=\"Share on facebook\"\n\t\t\t\t\t\t>\n\t\t\t\t\t\t\t\t\t\t\t\t\t\t\t<span class=\"elementor-share-btn__icon\">\n\t\t\t\t\t\t\t\t<i class=\"fab fa-facebook\" aria-hidden=\"true\"><\/i>\t\t\t\t\t\t\t<\/span>\n\t\t\t\t\t\t\t\t\t\t\t\t\t\t\t\t\t\t\t\t<\/div>\n\t\t\t\t\t<\/div>\n\t\t\t\t\t\t\t\t\t<div class=\"elementor-grid-item\">\n\t\t\t\t\t\t<div\n\t\t\t\t\t\t\tclass=\"elementor-share-btn elementor-share-btn_twitter\"\n\t\t\t\t\t\t\trole=\"button\"\n\t\t\t\t\t\t\ttabindex=\"0\"\n\t\t\t\t\t\t\taria-label=\"Share on twitter\"\n\t\t\t\t\t\t>\n\t\t\t\t\t\t\t\t\t\t\t\t\t\t\t<span class=\"elementor-share-btn__icon\">\n\t\t\t\t\t\t\t\t<i class=\"fab fa-twitter\" aria-hidden=\"true\"><\/i>\t\t\t\t\t\t\t<\/span>\n\t\t\t\t\t\t\t\t\t\t\t\t\t\t\t\t\t\t\t\t<\/div>\n\t\t\t\t\t<\/div>\n\t\t\t\t\t\t\t\t\t<div class=\"elementor-grid-item\">\n\t\t\t\t\t\t<div\n\t\t\t\t\t\t\tclass=\"elementor-share-btn elementor-share-btn_linkedin\"\n\t\t\t\t\t\t\trole=\"button\"\n\t\t\t\t\t\t\ttabindex=\"0\"\n\t\t\t\t\t\t\taria-label=\"Share on linkedin\"\n\t\t\t\t\t\t>\n\t\t\t\t\t\t\t\t\t\t\t\t\t\t\t<span class=\"elementor-share-btn__icon\">\n\t\t\t\t\t\t\t\t<i class=\"fab fa-linkedin\" aria-hidden=\"true\"><\/i>\t\t\t\t\t\t\t<\/span>\n\t\t\t\t\t\t\t\t\t\t\t\t\t\t\t\t\t\t\t\t<\/div>\n\t\t\t\t\t<\/div>\n\t\t\t\t\t\t\t\t\t<div class=\"elementor-grid-item\">\n\t\t\t\t\t\t<div\n\t\t\t\t\t\t\tclass=\"elementor-share-btn elementor-share-btn_whatsapp\"\n\t\t\t\t\t\t\trole=\"button\"\n\t\t\t\t\t\t\ttabindex=\"0\"\n\t\t\t\t\t\t\taria-label=\"Share on whatsapp\"\n\t\t\t\t\t\t>\n\t\t\t\t\t\t\t\t\t\t\t\t\t\t\t<span class=\"elementor-share-btn__icon\">\n\t\t\t\t\t\t\t\t<i class=\"fab fa-whatsapp\" aria-hidden=\"true\"><\/i>\t\t\t\t\t\t\t<\/span>\n\t\t\t\t\t\t\t\t\t\t\t\t\t\t\t\t\t\t\t\t<\/div>\n\t\t\t\t\t<\/div>\n\t\t\t\t\t\t\t\t\t<div class=\"elementor-grid-item\">\n\t\t\t\t\t\t<div\n\t\t\t\t\t\t\tclass=\"elementor-share-btn elementor-share-btn_email\"\n\t\t\t\t\t\t\trole=\"button\"\n\t\t\t\t\t\t\ttabindex=\"0\"\n\t\t\t\t\t\t\taria-label=\"Share on email\"\n\t\t\t\t\t\t>\n\t\t\t\t\t\t\t\t\t\t\t\t\t\t\t<span class=\"elementor-share-btn__icon\">\n\t\t\t\t\t\t\t\t<i class=\"fas fa-envelope\" aria-hidden=\"true\"><\/i>\t\t\t\t\t\t\t<\/span>\n\t\t\t\t\t\t\t\t\t\t\t\t\t\t\t\t\t\t\t\t<\/div>\n\t\t\t\t\t<\/div>\n\t\t\t\t\t\t<\/div>\n\t\t\t\t\t\t<\/div>\n\t\t\t\t<\/div>\n\t\t\t\t\t<\/div>\n\t\t<\/div>\n\t\t\t\t\t<\/div>\n\t\t<\/section>\n\t\t\t\t<\/div>\n\t\t","protected":false},"excerpt":{"rendered":"<p>Historiku i Nd\u00ebrmarrjes NH \u201cIb\u00ebr-Lepenc\u201d Sh. A. me seli n\u00eb Prishtin\u00eb \u00ebsht\u00eb nd\u00ebrmarrje shum\u00ebfunksionale e cila furnizon industrin\u00eb, uj\u00ebsjell\u00ebsit dhe bujq\u00ebsin\u00eb me uj\u00eb t\u00eb pap\u00ebrpunuar si dhe prodhon energji elektrike nga Hidrocentrali i Ujmanit. N.P.H ,,Ib\u00ebr-Lepenc\u201d \u00ebsht\u00eb themeluar me Vendimin e Kuvendit t\u00eb Kosov\u00ebs me 28 Shkurt 1967, me seli n\u00eb Prishtin\u00eb. Nd\u00ebrmarrja \u00ebsht\u00eb konstituar [&hellip;]<\/p>\n","protected":false},"author":1,"featured_media":0,"parent":6413,"menu_order":0,"comment_status":"closed","ping_status":"closed","template":"","meta":{"_sq_post_content":"<h2 key=\"historiku_ndermarrjes\">Historiku i<Br> Nd\u00ebrmarrjes<\/h2>\t\t\n\t\t\t<p style=\"margin-bottom:0\" key=\"historiku_dcp_strong\"><strong>NH \u201cIb\u00ebr-Lepenc\u201d Sh. A. me seli n\u00eb Prishtin\u00eb \u00ebsht\u00eb nd\u00ebrmarrje shum\u00ebfunksionale e cila furnizon industrin\u00eb, uj\u00ebsjell\u00ebsit dhe bujq\u00ebsin\u00eb me uj\u00eb t\u00eb pap\u00ebrpunuar si dhe prodhon energji elektrike nga Hidrocentrali i Ujmanit.<\/strong><\/p>\t\t\n<UL>\n    <li>N.P.H ,,Ib\u00ebr-Lepenc\u201d \u00ebsht\u00eb themeluar me Vendimin e Kuvendit t\u00eb Kosov\u00ebs me 28 Shkurt 1967, me seli n\u00eb Prishtin\u00eb.<\/li>\n<li>Nd\u00ebrmarrja \u00ebsht\u00eb konstituar n\u00eb vitin 1986 si Nd\u00ebrmarrje shoq\u00ebrore me q\u00ebllim t\u00eb operimit dhe mir\u00ebmbajtjes t\u00eb infrastruktur\u00ebs t\u00eb k\u00ebtij sistemi shumfunksional.<\/li>\n<li>Nd\u00ebrtimi i k\u00ebtij sistemi \u00ebsht\u00eb parapar\u00eb t\u00eb b\u00ebhet n\u00eb dy faza:<\/li>\n<ul>\n   <li> IBRI ( ka p\u00ebrfunduar n\u00eb vitin 1986 )<\/li>\n   <li> LEPENCI (nuk \u00ebsht\u00eb realizuar)<\/li>\n<\/ul>\n<li>Nd\u00ebrkaq kjo Nd\u00ebrmarrje q\u00eb nga pas lufta  \u00ebsht\u00eb transformuar n\u00eb Nd\u00ebrmarrje Publike N.H.,,Ib\u00ebr-Lepenc\u201d nga UNMIK-u.<\/li>\n<li>Pas Korporatizimit t\u00eb Nd\u00ebrrmarjes, m\u00eb 01\/01\/2008, Nd\u00ebrmarrja \u00ebsht\u00eb sh\u00ebnd\u00ebrruar n\u00eb Nd\u00ebrrmarje Hidro-Ekonomike \u201cIb\u00ebr-Lepenc\u201d Sh. a.<\/li>\n<li>Nd\u00ebrmarrja \u00ebsht\u00eb Shoq\u00ebri Aksionare n\u00eb pron\u00ebsi 100% t\u00eb Qeveris\u00eb s\u00eb Kosov\u00ebs.<\/li>\n<\/UL>\n\t\t\t<link rel=\"stylesheet\" href=\"https:\/\/iberlepenci.hajt24.xyz\/wp-content\/plugins\/elementor-pro\/assets\/css\/widget-share-buttons.min.css\">","_sq_post_name":"historiku","_sq_post_excerpt":"","_sq_post_title":"<span key=\"historiku\">HISTORIKU<\/span>","_en_post_content":"","_en_post_name":"","_en_post_excerpt":"","_en_post_title":"","_sr_post_content":"","_sr_post_name":"","_sr_post_excerpt":"","_sr_post_title":"","edit_language":"sq","footnotes":""},"class_list":["post-6330","page","type-page","status-publish","hentry"],"publishpress_future_action":{"enabled":false,"date":"2026-04-11 17:07:00","action":"change-status","newStatus":"draft","terms":[],"taxonomy":"","extraData":[]},"publishpress_future_workflow_manual_trigger":{"enabledWorkflows":[]},"_links":{"self":[{"href":"https:\/\/www.iber-lepenc.org\/sq\/wp-json\/wp\/v2\/pages\/6330","targetHints":{"allow":["GET"]}}],"collection":[{"href":"https:\/\/www.iber-lepenc.org\/sq\/wp-json\/wp\/v2\/pages"}],"about":[{"href":"https:\/\/www.iber-lepenc.org\/sq\/wp-json\/wp\/v2\/types\/page"}],"author":[{"embeddable":true,"href":"https:\/\/www.iber-lepenc.org\/sq\/wp-json\/wp\/v2\/users\/1"}],"replies":[{"embeddable":true,"href":"https:\/\/www.iber-lepenc.org\/sq\/wp-json\/wp\/v2\/comments?post=6330"}],"version-history":[{"count":0,"href":"https:\/\/www.iber-lepenc.org\/sq\/wp-json\/wp\/v2\/pages\/6330\/revisions"}],"up":[{"embeddable":true,"href":"https:\/\/www.iber-lepenc.org\/sq\/wp-json\/wp\/v2\/pages\/6413"}],"wp:attachment":[{"href":"https:\/\/www.iber-lepenc.org\/sq\/wp-json\/wp\/v2\/media?parent=6330"}],"curies":[{"name":"wp","href":"https:\/\/api.w.org\/{rel}","templated":true}]}}