{"id":8307,"date":"2022-12-23T14:27:16","date_gmt":"2022-12-23T14:27:16","guid":{"rendered":"https:\/\/iberlepenci.hajt24.xyz\/?page_id=8307"},"modified":"2026-04-21T13:38:43","modified_gmt":"2026-04-21T13:38:43","slug":"","status":"publish","type":"page","link":"https:\/\/www.iber-lepenc.org\/en\/per-ne\/rregullatoret-e-ndermarrjes\/","title":{"rendered":"","raw":""},"content":{"rendered":"\t\t<div data-elementor-type=\"wp-page\" data-elementor-id=\"8307\" class=\"elementor elementor-8307\">\n\t\t\t\t\t\t<section class=\"elementor-section elementor-top-section elementor-element elementor-element-3dc277a elementor-section-boxed elementor-section-height-default elementor-section-height-default\" data-id=\"3dc277a\" data-element_type=\"section\">\n\t\t\t\t\t\t<div class=\"elementor-container elementor-column-gap-default\">\n\t\t\t\t\t<div class=\"elementor-column elementor-col-100 elementor-top-column elementor-element elementor-element-7aa11b7\" data-id=\"7aa11b7\" data-element_type=\"column\">\n\t\t\t<div class=\"elementor-widget-wrap elementor-element-populated\">\n\t\t\t\t\t\t<div class=\"elementor-element elementor-element-2b0c94d elementor-widget elementor-widget-html\" data-id=\"2b0c94d\" data-element_type=\"widget\" data-widget_type=\"html.default\">\n\t\t\t\t<div class=\"elementor-widget-container\">\n\t\t\t\t\t<h3 key=\"page_rregullatoret_ndermarrjes\">Rregulloret e Nd\u00ebrmarrjes<\/h3>\t\t\t\t<\/div>\n\t\t\t\t<\/div>\n\t\t\t\t\t<\/div>\n\t\t<\/div>\n\t\t\t\t\t<\/div>\n\t\t<\/section>\n\t\t\t\t<section class=\"elementor-section elementor-top-section elementor-element elementor-element-2a04def elementor-section-boxed elementor-section-height-default elementor-section-height-default\" data-id=\"2a04def\" data-element_type=\"section\">\n\t\t\t\t\t\t<div class=\"elementor-container elementor-column-gap-default\">\n\t\t\t\t\t<div class=\"elementor-column elementor-col-100 elementor-top-column elementor-element elementor-element-8b88db1\" data-id=\"8b88db1\" data-element_type=\"column\">\n\t\t\t<div class=\"elementor-widget-wrap elementor-element-populated\">\n\t\t\t\t\t\t<div class=\"elementor-element elementor-element-79e6ce0 elementor-widget elementor-widget-html\" data-id=\"79e6ce0\" data-element_type=\"widget\" data-widget_type=\"html.default\">\n\t\t\t\t<div class=\"elementor-widget-container\">\n\t\t\t\t\t<ul class=\"linqet-wrapper\">\r\n  <li><a href=\"https:\/\/www.iber-lepenc.org\/wp-content\/uploads\/2026\/04\/Rregullorja-Nr.01-2026-per-kontabilitet-dhe-financa-ne-ndermarrjen-publike-hidroekonomike-iber-lepenc.pdf\">Rregullorja Nr.01\/2026 per kontabilitet dhe financa ne ndermarrjen publike hidroekonomike \"Iber-Lepenc\" SH.A<\/a><\/li> \r\n  <li><a href=\"https:\/\/www.iber-lepenc.org\/wp-content\/uploads\/2026\/04\/Rregullorja-Nr.02-2026-per-shfrytezimin-e-sistemit-te-ujitjes.pdf\">Rregullorja Nr.02\/2026 per shfrytezimin e sistemit te ujitjes<\/a><\/li>\r\n  <li><a href=\"https:\/\/www.iber-lepenc.org\/wp-content\/uploads\/2026\/04\/Rregullorja-Nr.03-2026-per-mbrojtjen-nga-zjarri.pdf\">Rregullorja Nr.03\/2026 per mbrojtjen nga zjarri<\/a><\/li> \r\n  <li><a href=\"https:\/\/www.iber-lepenc.org\/wp-content\/uploads\/2026\/04\/Rregullorja-Nr.04-2026-per-mjetet-per-mbrojtje-personale-dhe-pajisjet-e-mbrojtjes-ne-pune.pdf\">Rregullorja Nr.04\/2026 per mjetet per mbrojtje personale dhe pajisjet e mbrojtjes ne pune<\/a><\/li> \r\n  <li><a href=\"https:\/\/www.iber-lepenc.org\/wp-content\/uploads\/2025\/09\/Vendim-Zyrtar-per-mbrojtjen-e-te-dhenave.pdf\" target=\"_blank\">Udhezues p\u00ebr politikat e Privat\u00ebsis\u00eb dhe mbrojtjes s\u00eb t\u00eb dh\u00ebnave<\/a><\/li> \r\n  <li><a href=\"https:\/\/www.iber-lepenc.org\/wp-content\/uploads\/2025\/07\/08-2069-Rregullore-per-kompensimet-jashte-pages-baze-dhe-reprezentacionit-Dt-14.08.2023.pdf\" target=\"_blank\">Vendim me Nr.08-2069 i dat\u00ebs 14.08.2023 lidhur me ndryshimin e rregullores p\u00ebr kompensimet jasht\u00eb pag\u00ebs baz\u00eb dhe reprezentacionit<\/a><\/li>\r\n  <li><a href=\"https:\/\/www.iber-lepenc.org\/wp-content\/uploads\/2025\/07\/08-1187-Vendim-qe-aprovohet-rregullorja-Matrica-e-Autorizimeve-Dt-31.05.2023.pdf\" target=\"_blank\">Vendim me Nr.08-1187 i dat\u00ebs 31.05.2023 me t\u00eb cilin aprovohet rregullorja Matrica e Autorizimeve<\/a><\/li>\r\n  <li><a href=\"https:\/\/www.iber-lepenc.org\/wp-content\/uploads\/2025\/07\/08-1187-1-Matrica-e-Autorizimeve-Dt-31.05.2023.pdf\" target=\"_blank\">Vendim me Nr.08-1187-1 i dat\u00ebs 31.05.2023 Matrica e Autorizimeve<\/a><\/li>\r\n  <li><a href=\"https:\/\/www.iber-lepenc.org\/wp-content\/uploads\/2025\/07\/08-1186-Vendim-lidhur-me-rregulloren-e-Auditimit-te-Brendshem-Dt-31.05.2023.pdf\" target=\"_blank\">Vendim me Nr.08-1186 i dat\u00ebs 31.05.2023 lidhur me Rregulloren e Auditimit t\u00eb Brendsh\u00ebm te NPH \"Ib\u00ebr Lepenc\" Sh.A<\/a><\/li>\r\n  <li><a href=\"https:\/\/www.iber-lepenc.org\/wp-content\/uploads\/2025\/07\/08-1186-1-Rregullore-e-Auditimit-te-Brendshem-Dt-31.05.2023.pdf\" target=\"_blank\">Rregullorja Nr.08-1186-1 t\u00eb dat\u00ebs 31.05.2023 e Auditimit t\u00eb Brendsh\u00ebm te NPH \"Ib\u00ebr-Lepenc\" Sh.A<\/a><\/li>\r\n  <li><a href=\"https:\/\/www.iber-lepenc.org\/wp-content\/uploads\/2025\/07\/08-2685-Rregullore-e-auditimit-te-brendshem-Dt-05.10.2023.pdf\" target=\"_blank\">Rregullorja Nr.08-2685 t\u00eb dat\u00ebs 05.10.2023 e Auditimit t\u00eb Brendsh\u00ebm te NPH \"Ib\u00ebr-Lepenc\" Sh.A<\/a><\/li>\r\n  <li><a href=\"https:\/\/www.iber-lepenc.org\/wp-content\/uploads\/2023\/11\/Rregullorja-Nr.082912-te-dates-31.10.2023-per-Organizimin-e-Brendshem-te-Ndermarrjes-Publike-Hidroekonomike-Iber-Lepenc-Sh.A.pdf\" target=\"_blank\">Rregullorja Nr.08-2912 t\u00eb dat\u00ebs 31.10.2023 p\u00ebr Organizimin e Brendsh\u00ebm t\u00eb NPH \"Ib\u00ebr-Lepenc\" Sh.A <\/a><\/li>\r\n  <li><a href=\"https:\/\/www.iber-lepenc.org\/wp-content\/uploads\/2023\/11\/Rregullore-per-sistematizim-_FINAL-1.pdf\" target=\"_blank\">Rregullorja Nr.08-2913 t\u00eb dat\u00ebs 31.10.2023 p\u00ebr Sistematizimin dhe P\u00ebrshkrimin e vendeve t\u00eb pun\u00ebs t\u00eb NPH \"Ib\u00ebr-Lepenc\" Sh.A <\/a><\/li>\r\n  <li><a href=\"https:\/\/www.iber-lepenc.org\/wp-content\/uploads\/2025\/07\/01-3075-Dt-05.08.2024-Rregull-per-Ndryshim-dhe-Plotsimin-e-rregullores-Nr.-08-2912.pdf\" target=\"_blank\">Rregullorja Nr.01-3075 t\u00eb dat\u00ebs 05.08.2024 p\u00ebr ndryshimin dhe plotesimin e rregullores Nr.08-2912 p\u00ebr organizimin e brendsh\u00ebm t\u00eb NPH \"Ib\u00ebr-Lepenc\" Sh.A  <\/a><\/li>\r\n  <li><a href=\"https:\/\/www.iber-lepenc.org\/wp-content\/uploads\/2025\/04\/Rregullorja-Nr.02-2024-per-Sistematizimin-dhe-pershkrimin-e-vendeve-te-punes.pdf\" target=\"_blank\">Rregullorja Nr.01-4076 t\u00eb dat\u00ebs 30.10.2024 p\u00ebr Sistematizimin dhe P\u00ebrshkrimin e vendeve t\u00eb pun\u00ebs n\u00eb NPH \"Ib\u00ebr-Lepenc\" Sh.A   <\/a><\/li>\r\n  <li><a href=\"https:\/\/www.iber-lepenc.org\/wp-content\/uploads\/2025\/07\/01-3076-Dt-05.08.2024-Rregull-per-Ndryshim-dhe-Plotsim.pdf\" target=\"_blank\">Rregullorja Nr.01-3076 e dat\u00ebs 05.08.2024 lidhur me ndryshimin dhe plotesimin e rregullores Nr.08-2913 p\u00ebr Sistematizimin dhe P\u00ebrshkrimin e vendeve t\u00eb pun\u00ebs n\u00eb NPH \"Ib\u00ebr-Lepenc\" Sh.A   <\/a><\/li>\r\n  <li><a href=\"https:\/\/www.iber-lepenc.org\/wp-content\/uploads\/2025\/07\/01-3968-Dt-17.10.2024-Rregulloren-Nr.01-2024-per-kompensimet-jashte-pages-baze-dhe-reprezentacionit.pdf\" target=\"_blank\">Rregullorja Nr.01-3968 t\u00eb dat\u00ebs 17.10.2024 p\u00ebr kompensimet jasht\u00eb pag\u00ebs baz\u00eb dhe reprezentacionit n\u00eb NPH \"Ib\u00ebr-Lepenc\" Sh.A  <\/a><\/li>\r\n  <li><a href=\"https:\/\/www.iber-lepenc.org\/wp-content\/uploads\/2025\/07\/01-2471-Dt-30.06.2025-Rregullore-per-Ndryshim-dhe-Plotsim-te-Rreg.-02-2024.pdf\" target=\"_blank\">Rregullorja Nr.01-2471 e dat\u00ebs 30.06.2025 p\u00ebr ndryshimin dhe plotesimin e rregullores Nr.02-2024 per Sistematizimin dhe pershkrimin e vendeve te punes n\u00eb NPH \"Ib\u00ebr-Lepenc\" Sh.A <\/a><\/li>\r\n  <li><a href=\"https:\/\/www.iber-lepenc.org\/wp-content\/uploads\/2025\/07\/01-2472-Dt-30.06.2025-Rregullore-Nr.-04-2025-Per-Penxionimin-e-Parakohshem-te-Puntorve-te-IL.pdf\" target=\"_blank\">Rregullorja Nr.01-2472 e dat\u00ebs 30.06.2025 p\u00ebr pensionimin e parakohsh\u00ebm t\u00eb pun\u00ebtor\u00ebve t\u00eb NPH \"Ib\u00ebr-Lepenc\" Sh.A  <\/a><\/li>\r\n      <li><a href=\"\/dokumente\/rregulloret-e-ndermarrjes\/rregullore-e-auditimit-te-brendshem-ne-nphiber-lepenc-sh-a-dt-05-10-2023\/\" target=\"_blank\">Rregullore e auditimit t\u00eb brendsh\u00ebm<\/a><\/li>\r\n  <li><a href=\"\/docs\/Rregullore_p__r_menaxhimin_e_kontratave.pdf\" target=\"_blank\">Rregullore p\u00ebr menaxhimin e kontratave<\/a><\/li>\r\n  <li><a href=\"\/docs\/Rregullore_p__r_mjetet_p__r_mbrojtjen_personale_dhe_paisjet_e_mbrojtjes_n___pun__.pdf\" target=\"_blank\">Rregullore p\u00ebr paisjet e mbrojtjes n\u00eb pun\u00eb<\/a><\/li>\r\n  <li><a href=\"https:\/\/www.iber-lepenc.org\/wp-content\/uploads\/2025\/04\/Rregullorja-Nr.02-2024-per-Sistematizimin-dhe-pershkrimin-e-vendeve-te-punes.pdf\" target=\"_blank\">Rregullorja Nr.02-2024 p\u00ebr Sistematizimin e vendeve t\u00eb pun\u00ebs<\/a><\/li>\r\n  <li><a href=\"\/docs\/Rregullore_p__r_p__rdorimin_e_automjeteve_zyrtare.pdf\" target=\"_blank\">Rregullore p\u00ebr p\u00ebrdorimin e automjeteve zyrtare<\/a><\/li>\r\n  <li><a href=\"\/docs\/Rregullore_p__r_p__rdorimin_e_telefonave_fix_dhe_mobil.pdf\" target=\"_blank\">Rregullore p\u00ebr telefonat fix dhe mobil<\/a><\/li>\r\n  <li><a href=\"\/docs\/Rregullore_p__r_provizionimin_e_llogarive_t___ark__tueshme.pdf\" target=\"_blank\">Rregullore p\u00ebr provizionimin e llogarive t\u00eb ark\u00ebtueshme<\/a><\/li>\r\n    <li><a href=\"\/docs\/Rregullore_per_Lidhjen_e_Marr__dh__nies_s___pun__s_dhe_p__rgjegj__sin___mateliale_e_disciplinore.pdf\" target=\"_blank\">Rregullore p\u00ebr marr\u00ebdh\u00ebnien e pun\u00ebs dhe p\u00ebrgjegj\u00ebsin\u00eb materiale<\/a><\/li>\r\n    <li><a href=\"\/docs\/Rregullore_p__r_menaxhim_zyrtar_dhe_arkivor.pdf\" target=\"_blank\">Rregullore p\u00ebr menaxhim zyrtar dhe arkivor<\/a><\/li>\r\n<\/ul>\t\t\t\t<\/div>\n\t\t\t\t<\/div>\n\t\t\t\t\t<\/div>\n\t\t<\/div>\n\t\t\t\t\t<\/div>\n\t\t<\/section>\n\t\t\t\t<section class=\"elementor-section elementor-top-section elementor-element elementor-element-c8320bc elementor-section-boxed elementor-section-height-default elementor-section-height-default\" data-id=\"c8320bc\" data-element_type=\"section\">\n\t\t\t\t\t\t<div class=\"elementor-container elementor-column-gap-default\">\n\t\t\t\t\t<div class=\"elementor-column elementor-col-100 elementor-top-column elementor-element elementor-element-1483078\" data-id=\"1483078\" data-element_type=\"column\">\n\t\t\t<div class=\"elementor-widget-wrap elementor-element-populated\">\n\t\t\t\t\t\t\t<\/div>\n\t\t<\/div>\n\t\t\t\t\t<\/div>\n\t\t<\/section>\n\t\t\t\t<\/div>\n\t\t","protected":false,"raw":""},"excerpt":{"rendered":"","protected":false,"raw":""},"author":1,"featured_media":0,"parent":6413,"menu_order":0,"comment_status":"closed","ping_status":"closed","template":"","meta":{"_sq_post_content":"<h3 key=\"page_rregullatoret_ndermarrjes\">Rregulloret e Nd\u00ebrmarrjes<\/h3>\t\t\t\t\n\t\t\t\t\t<ul>\n  <li><a href=\"https:\/\/www.iber-lepenc.org\/wp-content\/uploads\/2026\/04\/Rregullorja-Nr.01-2026-per-kontabilitet-dhe-financa-ne-ndermarrjen-publike-hidroekonomike-iber-lepenc.pdf\">Rregullorja Nr.01\/2026 per kontabilitet dhe financa ne ndermarrjen publike hidroekonomike \"Iber-Lepenc\" SH.A<\/a><\/li> \n  <li><a href=\"https:\/\/www.iber-lepenc.org\/wp-content\/uploads\/2026\/04\/Rregullorja-Nr.02-2026-per-shfrytezimin-e-sistemit-te-ujitjes.pdf\">Rregullorja Nr.02\/2026 per shfrytezimin e sistemit te ujitjes<\/a><\/li>\n  <li><a href=\"https:\/\/www.iber-lepenc.org\/wp-content\/uploads\/2026\/04\/Rregullorja-Nr.03-2026-per-mbrojtjen-nga-zjarri.pdf\">Rregullorja Nr.03\/2026 per mbrojtjen nga zjarri<\/a><\/li> \n  <li><a href=\"https:\/\/www.iber-lepenc.org\/wp-content\/uploads\/2026\/04\/Rregullorja-Nr.04-2026-per-mjetet-per-mbrojtje-personale-dhe-pajisjet-e-mbrojtjes-ne-pune.pdf\">Rregullorja Nr.04\/2026 per mjetet per mbrojtje personale dhe pajisjet e mbrojtjes ne pune<\/a><\/li> \n  <li><a href=\"https:\/\/www.iber-lepenc.org\/wp-content\/uploads\/2025\/09\/Vendim-Zyrtar-per-mbrojtjen-e-te-dhenave.pdf\" target=\"_blank\">Udhezues p\u00ebr politikat e Privat\u00ebsis\u00eb dhe mbrojtjes s\u00eb t\u00eb dh\u00ebnave<\/a><\/li> \n  <li><a href=\"https:\/\/www.iber-lepenc.org\/wp-content\/uploads\/2025\/07\/08-2069-Rregullore-per-kompensimet-jashte-pages-baze-dhe-reprezentacionit-Dt-14.08.2023.pdf\" target=\"_blank\">Vendim me Nr.08-2069 i dat\u00ebs 14.08.2023 lidhur me ndryshimin e rregullores p\u00ebr kompensimet jasht\u00eb pag\u00ebs baz\u00eb dhe reprezentacionit<\/a><\/li>\n  <li><a href=\"https:\/\/www.iber-lepenc.org\/wp-content\/uploads\/2025\/07\/08-1187-Vendim-qe-aprovohet-rregullorja-Matrica-e-Autorizimeve-Dt-31.05.2023.pdf\" target=\"_blank\">Vendim me Nr.08-1187 i dat\u00ebs 31.05.2023 me t\u00eb cilin aprovohet rregullorja Matrica e Autorizimeve<\/a><\/li>\n  <li><a href=\"https:\/\/www.iber-lepenc.org\/wp-content\/uploads\/2025\/07\/08-1187-1-Matrica-e-Autorizimeve-Dt-31.05.2023.pdf\" target=\"_blank\">Vendim me Nr.08-1187-1 i dat\u00ebs 31.05.2023 Matrica e Autorizimeve<\/a><\/li>\n  <li><a href=\"https:\/\/www.iber-lepenc.org\/wp-content\/uploads\/2025\/07\/08-1186-Vendim-lidhur-me-rregulloren-e-Auditimit-te-Brendshem-Dt-31.05.2023.pdf\" target=\"_blank\">Vendim me Nr.08-1186 i dat\u00ebs 31.05.2023 lidhur me Rregulloren e Auditimit t\u00eb Brendsh\u00ebm te NPH \"Ib\u00ebr Lepenc\" Sh.A<\/a><\/li>\n  <li><a href=\"https:\/\/www.iber-lepenc.org\/wp-content\/uploads\/2025\/07\/08-1186-1-Rregullore-e-Auditimit-te-Brendshem-Dt-31.05.2023.pdf\" target=\"_blank\">Rregullorja Nr.08-1186-1 t\u00eb dat\u00ebs 31.05.2023 e Auditimit t\u00eb Brendsh\u00ebm te NPH \"Ib\u00ebr-Lepenc\" Sh.A<\/a><\/li>\n  <li><a href=\"https:\/\/www.iber-lepenc.org\/wp-content\/uploads\/2025\/07\/08-2685-Rregullore-e-auditimit-te-brendshem-Dt-05.10.2023.pdf\" target=\"_blank\">Rregullorja Nr.08-2685 t\u00eb dat\u00ebs 05.10.2023 e Auditimit t\u00eb Brendsh\u00ebm te NPH \"Ib\u00ebr-Lepenc\" Sh.A<\/a><\/li>\n  <li><a href=\"https:\/\/www.iber-lepenc.org\/wp-content\/uploads\/2023\/11\/Rregullorja-Nr.082912-te-dates-31.10.2023-per-Organizimin-e-Brendshem-te-Ndermarrjes-Publike-Hidroekonomike-Iber-Lepenc-Sh.A.pdf\" target=\"_blank\">Rregullorja Nr.08-2912 t\u00eb dat\u00ebs 31.10.2023 p\u00ebr Organizimin e Brendsh\u00ebm t\u00eb NPH \"Ib\u00ebr-Lepenc\" Sh.A <\/a><\/li>\n  <li><a href=\"https:\/\/www.iber-lepenc.org\/wp-content\/uploads\/2023\/11\/Rregullore-per-sistematizim-_FINAL-1.pdf\" target=\"_blank\">Rregullorja Nr.08-2913 t\u00eb dat\u00ebs 31.10.2023 p\u00ebr Sistematizimin dhe P\u00ebrshkrimin e vendeve t\u00eb pun\u00ebs t\u00eb NPH \"Ib\u00ebr-Lepenc\" Sh.A <\/a><\/li>\n  <li><a href=\"https:\/\/www.iber-lepenc.org\/wp-content\/uploads\/2025\/07\/01-3075-Dt-05.08.2024-Rregull-per-Ndryshim-dhe-Plotsimin-e-rregullores-Nr.-08-2912.pdf\" target=\"_blank\">Rregullorja Nr.01-3075 t\u00eb dat\u00ebs 05.08.2024 p\u00ebr ndryshimin dhe plotesimin e rregullores Nr.08-2912 p\u00ebr organizimin e brendsh\u00ebm t\u00eb NPH \"Ib\u00ebr-Lepenc\" Sh.A  <\/a><\/li>\n  <li><a href=\"https:\/\/www.iber-lepenc.org\/wp-content\/uploads\/2025\/04\/Rregullorja-Nr.02-2024-per-Sistematizimin-dhe-pershkrimin-e-vendeve-te-punes.pdf\" target=\"_blank\">Rregullorja Nr.01-4076 t\u00eb dat\u00ebs 30.10.2024 p\u00ebr Sistematizimin dhe P\u00ebrshkrimin e vendeve t\u00eb pun\u00ebs n\u00eb NPH \"Ib\u00ebr-Lepenc\" Sh.A   <\/a><\/li>\n  <li><a href=\"https:\/\/www.iber-lepenc.org\/wp-content\/uploads\/2025\/07\/01-3076-Dt-05.08.2024-Rregull-per-Ndryshim-dhe-Plotsim.pdf\" target=\"_blank\">Rregullorja Nr.01-3076 e dat\u00ebs 05.08.2024 lidhur me ndryshimin dhe plotesimin e rregullores Nr.08-2913 p\u00ebr Sistematizimin dhe P\u00ebrshkrimin e vendeve t\u00eb pun\u00ebs n\u00eb NPH \"Ib\u00ebr-Lepenc\" Sh.A   <\/a><\/li>\n  <li><a href=\"https:\/\/www.iber-lepenc.org\/wp-content\/uploads\/2025\/07\/01-3968-Dt-17.10.2024-Rregulloren-Nr.01-2024-per-kompensimet-jashte-pages-baze-dhe-reprezentacionit.pdf\" target=\"_blank\">Rregullorja Nr.01-3968 t\u00eb dat\u00ebs 17.10.2024 p\u00ebr kompensimet jasht\u00eb pag\u00ebs baz\u00eb dhe reprezentacionit n\u00eb NPH \"Ib\u00ebr-Lepenc\" Sh.A  <\/a><\/li>\n  <li><a href=\"https:\/\/www.iber-lepenc.org\/wp-content\/uploads\/2025\/07\/01-2471-Dt-30.06.2025-Rregullore-per-Ndryshim-dhe-Plotsim-te-Rreg.-02-2024.pdf\" target=\"_blank\">Rregullorja Nr.01-2471 e dat\u00ebs 30.06.2025 p\u00ebr ndryshimin dhe plotesimin e rregullores Nr.02-2024 per Sistematizimin dhe pershkrimin e vendeve te punes n\u00eb NPH \"Ib\u00ebr-Lepenc\" Sh.A <\/a><\/li>\n  <li><a href=\"https:\/\/www.iber-lepenc.org\/wp-content\/uploads\/2025\/07\/01-2472-Dt-30.06.2025-Rregullore-Nr.-04-2025-Per-Penxionimin-e-Parakohshem-te-Puntorve-te-IL.pdf\" target=\"_blank\">Rregullorja Nr.01-2472 e dat\u00ebs 30.06.2025 p\u00ebr pensionimin e parakohsh\u00ebm t\u00eb pun\u00ebtor\u00ebve t\u00eb NPH \"Ib\u00ebr-Lepenc\" Sh.A  <\/a><\/li>\n      <li><a href=\"\/dokumente\/rregulloret-e-ndermarrjes\/rregullore-e-auditimit-te-brendshem-ne-nphiber-lepenc-sh-a-dt-05-10-2023\/\" target=\"_blank\">Rregullore e auditimit t\u00eb brendsh\u00ebm<\/a><\/li>\n  <li><a href=\"\/docs\/Rregullore_p__r_menaxhimin_e_kontratave.pdf\" target=\"_blank\">Rregullore p\u00ebr menaxhimin e kontratave<\/a><\/li>\n  <li><a href=\"\/docs\/Rregullore_p__r_mjetet_p__r_mbrojtjen_personale_dhe_paisjet_e_mbrojtjes_n___pun__.pdf\" target=\"_blank\">Rregullore p\u00ebr paisjet e mbrojtjes n\u00eb pun\u00eb<\/a><\/li>\n  <li><a href=\"https:\/\/www.iber-lepenc.org\/wp-content\/uploads\/2025\/04\/Rregullorja-Nr.02-2024-per-Sistematizimin-dhe-pershkrimin-e-vendeve-te-punes.pdf\" target=\"_blank\">Rregullorja Nr.02-2024 p\u00ebr Sistematizimin e vendeve t\u00eb pun\u00ebs<\/a><\/li>\n  <li><a href=\"\/docs\/Rregullore_p__r_p__rdorimin_e_automjeteve_zyrtare.pdf\" target=\"_blank\">Rregullore p\u00ebr p\u00ebrdorimin e automjeteve zyrtare<\/a><\/li>\n  <li><a href=\"\/docs\/Rregullore_p__r_p__rdorimin_e_telefonave_fix_dhe_mobil.pdf\" target=\"_blank\">Rregullore p\u00ebr telefonat fix dhe mobil<\/a><\/li>\n  <li><a href=\"\/docs\/Rregullore_p__r_provizionimin_e_llogarive_t___ark__tueshme.pdf\" target=\"_blank\">Rregullore p\u00ebr provizionimin e llogarive t\u00eb ark\u00ebtueshme<\/a><\/li>\n    <li><a href=\"\/docs\/Rregullore_per_Lidhjen_e_Marr__dh__nies_s___pun__s_dhe_p__rgjegj__sin___mateliale_e_disciplinore.pdf\" target=\"_blank\">Rregullore p\u00ebr marr\u00ebdh\u00ebnien e pun\u00ebs dhe p\u00ebrgjegj\u00ebsin\u00eb materiale<\/a><\/li>\n    <li><a href=\"\/docs\/Rregullore_p__r_menaxhim_zyrtar_dhe_arkivor.pdf\" target=\"_blank\">Rregullore p\u00ebr menaxhim zyrtar dhe arkivor<\/a><\/li>\n<\/ul>","_sq_post_name":"rregullatoret-e-ndermarrjes","_sq_post_excerpt":"","_sq_post_title":"<span key=\"page_rregullatoret_ndermarrjes\">RREGULLORET E ND\u00cbRMARRJES<\/span>","_en_post_content":"","_en_post_name":"","_en_post_excerpt":"","_en_post_title":"","_sr_post_content":"","_sr_post_name":"","_sr_post_excerpt":"","_sr_post_title":"","edit_language":"en","footnotes":""},"class_list":["post-8307","page","type-page","status-publish","hentry"],"publishpress_future_action":{"enabled":false,"date":"2026-05-13 07:45:27","action":"change-status","newStatus":"draft","terms":[],"taxonomy":"","extraData":[]},"publishpress_future_workflow_manual_trigger":{"enabledWorkflows":[]},"_links":{"self":[{"href":"https:\/\/www.iber-lepenc.org\/en\/wp-json\/wp\/v2\/pages\/8307","targetHints":{"allow":["GET"]}}],"collection":[{"href":"https:\/\/www.iber-lepenc.org\/en\/wp-json\/wp\/v2\/pages"}],"about":[{"href":"https:\/\/www.iber-lepenc.org\/en\/wp-json\/wp\/v2\/types\/page"}],"author":[{"embeddable":true,"href":"https:\/\/www.iber-lepenc.org\/en\/wp-json\/wp\/v2\/users\/1"}],"replies":[{"embeddable":true,"href":"https:\/\/www.iber-lepenc.org\/en\/wp-json\/wp\/v2\/comments?post=8307"}],"version-history":[{"count":133,"href":"https:\/\/www.iber-lepenc.org\/en\/wp-json\/wp\/v2\/pages\/8307\/revisions"}],"predecessor-version":[{"id":11157,"href":"https:\/\/www.iber-lepenc.org\/en\/wp-json\/wp\/v2\/pages\/8307\/revisions\/11157"}],"up":[{"embeddable":true,"href":"https:\/\/www.iber-lepenc.org\/en\/wp-json\/wp\/v2\/pages\/6413"}],"wp:attachment":[{"href":"https:\/\/www.iber-lepenc.org\/en\/wp-json\/wp\/v2\/media?parent=8307"}],"curies":[{"name":"wp","href":"https:\/\/api.w.org\/{rel}","templated":true}]}}