{"id":7926,"date":"2022-12-20T10:01:02","date_gmt":"2022-12-20T10:01:02","guid":{"rendered":"https:\/\/iberlepenci.hajt24.xyz\/?page_id=7926"},"modified":"2025-09-25T12:42:03","modified_gmt":"2025-09-25T12:42:03","slug":"","status":"publish","type":"page","link":"https:\/\/www.iber-lepenc.org\/en\/qasja-ne-dokumente-publike\/","title":{"rendered":"","raw":""},"content":{"rendered":"\t\t<div data-elementor-type=\"wp-page\" data-elementor-id=\"7926\" class=\"elementor elementor-7926\">\n\t\t\t\t\t\t<section class=\"elementor-section elementor-top-section elementor-element elementor-element-46326d7 elementor-section-boxed elementor-section-height-default elementor-section-height-default\" data-id=\"46326d7\" data-element_type=\"section\">\n\t\t\t\t\t\t<div class=\"elementor-container elementor-column-gap-default\">\n\t\t\t\t\t<div class=\"elementor-column elementor-col-100 elementor-top-column elementor-element elementor-element-bf0fbe7\" data-id=\"bf0fbe7\" data-element_type=\"column\">\n\t\t\t<div class=\"elementor-widget-wrap elementor-element-populated\">\n\t\t\t\t\t\t<div class=\"elementor-element elementor-element-56b7c24 elementor-widget elementor-widget-html\" data-id=\"56b7c24\" data-element_type=\"widget\" data-widget_type=\"html.default\">\n\t\t\t\t<div class=\"elementor-widget-container\">\n\t\t\t\t\t<H3 key=\"qasja_dokumente_title\">Qasja n\u00eb dokumente publike<\/H3>\t\t\t\t<\/div>\n\t\t\t\t<\/div>\n\t\t\t\t\t<\/div>\n\t\t<\/div>\n\t\t\t\t\t<\/div>\n\t\t<\/section>\n\t\t\t\t<section class=\"elementor-section elementor-top-section elementor-element elementor-element-80f3ed4 elementor-section-boxed elementor-section-height-default elementor-section-height-default\" data-id=\"80f3ed4\" data-element_type=\"section\">\n\t\t\t\t\t\t<div class=\"elementor-container elementor-column-gap-default\">\n\t\t\t\t\t<div class=\"elementor-column elementor-col-100 elementor-top-column elementor-element elementor-element-17e59b8\" data-id=\"17e59b8\" data-element_type=\"column\">\n\t\t\t<div class=\"elementor-widget-wrap elementor-element-populated\">\n\t\t\t\t\t\t<div class=\"elementor-element elementor-element-90eda0d elementor-widget elementor-widget-html\" data-id=\"90eda0d\" data-element_type=\"widget\" data-widget_type=\"html.default\">\n\t\t\t\t<div class=\"elementor-widget-container\">\n\t\t\t\t\t<ul>\n  <li>\n    <strong>Personi p\u00ebrgjegj\u00ebs p\u00ebr Qasje n\u00eb dokumente publike:<\/strong><br>\n    <p style=\"line-height:1.7;\">\n    Elza Sadiku<br>\n    Udh\u00ebheq\u00ebse e zyr\u00ebs p\u00ebr komunikim dhe qasje n\u00eb dokumente publike <\/p>\n  <\/li>\n  <li>\n    <strong>E-mail:<\/strong><br>\n    <p style=\"line-height:1.7;\">\n    <a href=\"mailto:elza.sadiku@iber-lepenc.org\">elza.sadiku@iber-lepenc.org<\/a><br><\/p>\n    \n  <\/li>\n  <li>\n    <strong>Tel:<\/strong><br>\n    <p style=\"line-height:1.7;\">\n    <a href=\"tel:038609599\">+383 (0) 38 609-599<\/a><\/p>\n  <\/li>\n  <li>\n    <strong>Formulari i k\u00ebrkes\u00ebs p\u00ebr Qasje n\u00eb dokumente publike:<\/strong><br>\n    <p style=\"line-height:1.7;\">\n    <a href=\"\/docs\/FORMULAR_K\u00cbRKESE_p\u00ebr_QDP_AIP_Iber_Lepenc_(3).docx\">Shkarko tani<\/a><br>\n    <a href=\"\/docs\/LIGJI_NR._06_L-081_PER_QASJE_NE_DOKUMENTE_PUBLIKE.pdf\">Ligji nr. 06\/L-081 p\u00ebr qasje n\u00eb dokumente publike<\/a><\/p>\n  <\/li>\n<\/ul>\n\t\t\t\t<\/div>\n\t\t\t\t<\/div>\n\t\t\t\t\t<\/div>\n\t\t<\/div>\n\t\t\t\t\t<\/div>\n\t\t<\/section>\n\t\t\t\t<\/div>\n\t\t","protected":false,"raw":""},"excerpt":{"rendered":"","protected":false,"raw":""},"author":1,"featured_media":0,"parent":0,"menu_order":0,"comment_status":"closed","ping_status":"closed","template":"","meta":{"_sq_post_content":"<H3 key=\"qasja_dokumente_title\">Qasja n\u00eb dokumente publike<\/H3>\t\t\t\t\n\t\t\t\t\t<ul>\n  <li>\n    <strong>Personi p\u00ebrgjegj\u00ebs p\u00ebr Qasje n\u00eb dokumente publike:<\/strong><br>\n    <p style=\"line-height:1.7;\">\n    Elza Sadiku<br>\n    Udh\u00ebheq\u00ebse e zyr\u00ebs p\u00ebr komunikim dhe qasje n\u00eb dokumente publike <\/p>\n  <\/li>\n  <li>\n    <strong>E-mail:<\/strong><br>\n    <p style=\"line-height:1.7;\">\n    <a href=\"mailto:elza.sadiku@iber-lepenc.org\">elza.sadiku@iber-lepenc.org<\/a><br><\/p>\n  <\/li>\n  <li>\n    <strong>Tel:<\/strong><br>\n    <p style=\"line-height:1.7;\">\n    <a href=\"tel:038609599\">+383 (0) 38 609-599<\/a><\/p>\n  <\/li>\n  <li>\n    <strong>Formulari i k\u00ebrkes\u00ebs p\u00ebr Qasje n\u00eb dokumente publike:<\/strong><br>\n    <p style=\"line-height:1.7;\">\n    <a href=\"\/docs\/FORMULAR_K\u00cbRKESE_p\u00ebr_QDP_AIP_Iber_Lepenc_(3).docx\">Shkarko tani<\/a><br>\n    <a href=\"\/docs\/LIGJI_NR._06_L-081_PER_QASJE_NE_DOKUMENTE_PUBLIKE.pdf\">Ligji nr. 06\/L-081 p\u00ebr qasje n\u00eb dokumente publike<\/a><\/p>\n  <\/li>\n<\/ul>","_sq_post_name":"qasja-ne-dokumente-publike","_sq_post_excerpt":"","_sq_post_title":"<span key=\"qasja_dokumente\">QASJA N\u00cb DOKUMENTE PUBLIKE<\/span>","_en_post_content":"","_en_post_name":"","_en_post_excerpt":"","_en_post_title":"","_sr_post_content":"","_sr_post_name":"","_sr_post_excerpt":"","_sr_post_title":"","edit_language":"en","footnotes":""},"class_list":["post-7926","page","type-page","status-publish","hentry"],"publishpress_future_action":{"enabled":false,"date":"2026-05-06 06:39:42","action":"change-status","newStatus":"draft","terms":[],"taxonomy":"","extraData":[]},"publishpress_future_workflow_manual_trigger":{"enabledWorkflows":[]},"_links":{"self":[{"href":"https:\/\/www.iber-lepenc.org\/en\/wp-json\/wp\/v2\/pages\/7926","targetHints":{"allow":["GET"]}}],"collection":[{"href":"https:\/\/www.iber-lepenc.org\/en\/wp-json\/wp\/v2\/pages"}],"about":[{"href":"https:\/\/www.iber-lepenc.org\/en\/wp-json\/wp\/v2\/types\/page"}],"author":[{"embeddable":true,"href":"https:\/\/www.iber-lepenc.org\/en\/wp-json\/wp\/v2\/users\/1"}],"replies":[{"embeddable":true,"href":"https:\/\/www.iber-lepenc.org\/en\/wp-json\/wp\/v2\/comments?post=7926"}],"version-history":[{"count":18,"href":"https:\/\/www.iber-lepenc.org\/en\/wp-json\/wp\/v2\/pages\/7926\/revisions"}],"predecessor-version":[{"id":10973,"href":"https:\/\/www.iber-lepenc.org\/en\/wp-json\/wp\/v2\/pages\/7926\/revisions\/10973"}],"wp:attachment":[{"href":"https:\/\/www.iber-lepenc.org\/en\/wp-json\/wp\/v2\/media?parent=7926"}],"curies":[{"name":"wp","href":"https:\/\/api.w.org\/{rel}","templated":true}]}}